{"id":9820,"date":"2025-03-12T12:46:16","date_gmt":"2025-03-12T12:46:16","guid":{"rendered":"https:\/\/denmaks.lv\/?page_id=9820"},"modified":"2025-04-16T16:41:41","modified_gmt":"2025-04-16T16:41:41","slug":"profili","status":"publish","type":"page","link":"https:\/\/denmaks.lv\/ru\/profili\/","title":{"rendered":"\u041f\u0440\u043e\u0444\u0438\u043b\u0438"},"content":{"rendered":"\t\t<div data-elementor-type=\"wp-page\" data-elementor-id=\"9820\" class=\"elementor elementor-9820\" data-elementor-post-type=\"page\">\n\t\t\t\t<div class=\"elementor-element elementor-element-bb4d4d8 e-flex e-con-boxed e-con e-parent \" data-id=\"bb4d4d8\" data-element_type=\"container\" data-e-type=\"container\" data-settings=\"{&quot;background_background&quot;:&quot;classic&quot;}\">\t\t\t<div class=\"e-con-inner\">\r\n\t\t<div class=\"elementor-element elementor-element-ec01eb3 e-con-full e-flex e-con e-child \" data-id=\"ec01eb3\" data-element_type=\"container\" data-e-type=\"container\">\t\t<div class=\"elementor-element elementor-element-d107d3f elementor-widget elementor-widget-pxl_text_editor\" data-id=\"d107d3f\" data-element_type=\"widget\" data-e-type=\"widget\" data-widget_type=\"pxl_text_editor.default\">\n\t\t\t\t<div class=\"elementor-widget-container\">\n\t\t\t\t\t<div id=\"pxl_text_editor-d107d3f-7292\" class=\"pxl-image-wg\" duration=\"1\">\n\t<div class=\"pxl-text-editor\">\n\t\t<div class=\"pxl-item--inner \" data-wow-delay=\"ms\">\n\t\t\t<p><strong style=\"color: #ffa500\">DenMaks Design<\/strong><strong> <b style=\"color: white\">profili<\/b><\/strong><\/p>\t\t\n\t\t<\/div>\n\t<\/div>\n<\/div>\t\t\t\t<\/div>\n\t\t\t\t<\/div>\n\t\t\t\t<\/div>\r\n\t\t\t\t\t<\/div>\r\n\t\t\t\t<\/div>\r\n\t\t        <section class=\"elementor-section elementor-top-section elementor-element elementor-element-851f6ee elementor-section-stretched elementor-section-boxed elementor-section-height-default elementor-section-height-default pxl-row-scroll-none pxl-bg-color-none pxl-section-overlay-none\" data-id=\"851f6ee\" data-element_type=\"section\" data-e-type=\"section\" data-settings=\"{&quot;stretch_section&quot;:&quot;section-stretched&quot;,&quot;background_background&quot;:&quot;classic&quot;}\">\n\n                \n                <div class=\"elementor-container elementor-column-gap-extended \">\n                <div class=\"elementor-column elementor-col-100 elementor-top-column elementor-element elementor-element-3c2bf8a pxl-column-none pxl-column-overflow-hidden-no\" data-id=\"3c2bf8a\" data-element_type=\"column\" data-e-type=\"column\" data-settings=\"{&quot;background_background&quot;:&quot;classic&quot;}\">\r\n        <div class=\"elementor-widget-wrap elementor-element-populated\">\r\n                     \r\n        \t\t<div class=\"elementor-element elementor-element-2914fe7 pxl-post-layout-service-1 elementor-widget elementor-widget-pxl_post_grid\" data-id=\"2914fe7\" data-element_type=\"widget\" data-e-type=\"widget\" data-widget_type=\"pxl_post_grid.default\">\n\t\t\t\t<div class=\"elementor-widget-container\">\n\t\t\t\t\t\n<div id=\"pxl_post_grid-2914fe7-6705\" class=\"pxl-grid pxl-service-grid pxl-service-layout1\" data-layout=\"masonry\" data-start-page=\"1\" data-max-pages=\"1\" data-total=\"4\" data-perpage=\"4\" data-next-link=\"\">\n    \n    <div class=\"pxl-grid-inner pxl-grid-masonry row\" data-gutter=\"15\">\n                    <div class=\"pxl-grid-item col-xl-12 col-lg-12 col-md-12 col-sm-12 col-12 \">\n                <div class=\"pxl-item--inner pxl-not-active wow fadeInUp\" data-wow-duration=\"1.2s\">\n                    <div class=\"pxl-item--image hover-imge-effect3\">\n                                                    <div class=\"bg-image\" style=\"--pg-background-image: url('https:\/\/denmaks.lv\/wp-content\/uploads\/2025\/03\/enas-profils.jpg');\">\n                                <a href=\"https:\/\/denmaks.lv\/ru\/service\/enas-profili\/\">\n                                    <img fetchpriority=\"high\" decoding=\"async\" class=\"no-lazyload \" src=\"https:\/\/denmaks.lv\/wp-content\/uploads\/2025\/03\/enas-profils-700x467.jpg\" width=\"700\" height=\"467\" alt=\"\u0113nas profils\" title=\"\u0113nas profils\" \/>                                <\/a>\n                            <\/div>\n                                            <\/div>\n                    <div class=\"pxl-item--holder\">\n                                                                            <div class=\"pxl-item--icon\">\n                                <img decoding=\"async\" width=\"2251\" height=\"834\" src=\"https:\/\/denmaks.lv\/wp-content\/uploads\/2025\/03\/elements-tr-08.png\" class=\"attachment-full\" alt=\"\" srcset=\"https:\/\/denmaks.lv\/wp-content\/uploads\/2025\/03\/elements-tr-08.png 2251w, https:\/\/denmaks.lv\/wp-content\/uploads\/2025\/03\/elements-tr-08-300x111.png 300w, https:\/\/denmaks.lv\/wp-content\/uploads\/2025\/03\/elements-tr-08-1024x379.png 1024w, https:\/\/denmaks.lv\/wp-content\/uploads\/2025\/03\/elements-tr-08-768x285.png 768w, https:\/\/denmaks.lv\/wp-content\/uploads\/2025\/03\/elements-tr-08-1536x569.png 1536w, https:\/\/denmaks.lv\/wp-content\/uploads\/2025\/03\/elements-tr-08-2048x759.png 2048w, https:\/\/denmaks.lv\/wp-content\/uploads\/2025\/03\/elements-tr-08-18x7.png 18w, https:\/\/denmaks.lv\/wp-content\/uploads\/2025\/03\/elements-tr-08-1200x445.png 1200w, https:\/\/denmaks.lv\/wp-content\/uploads\/2025\/03\/elements-tr-08-600x222.png 600w\" sizes=\"(max-width: 2251px) 100vw, 2251px\" \/>                            <\/div>\n                                                \n                        <h3 class=\"pxl-item--title\">\n                            <a href=\"https:\/\/denmaks.lv\/ru\/service\/enas-profili\/\">\u0112nas profili \u2014 moderns un elegants risin\u0101jums<\/a>\n                        <\/h3>\n                                                    <div class=\"pxl-item--content\">\n                                \u0112nas profili, piem\u0113ram, KRAAB Systems profili, ir risin\u0101jums auduma un PVC griestiem, kas pie\u0161\u0137ir interjeram izsmalcin\u0101t\u012bbu un modernu izskatu. \u0160ie profili rada prec\u012bzu un elegantu&hellip;                            <\/div>\n                                                                            <div class=\"pxl-item--readmore\">\n                                <a href=\"https:\/\/denmaks.lv\/ru\/service\/enas-profili\/\">\n                                    <span class=\"pxl-mr-15\">View more<\/span>\n                                    <i class=\"flaticon-right\"><\/i>\n                                <\/a>\n                            <\/div>\n                                            <\/div>\n                <\/div>\n            <\/div>\n                    <div class=\"pxl-grid-item col-xl-12 col-lg-12 col-md-12 col-sm-12 col-12 \">\n                <div class=\"pxl-item--inner pxl-not-active wow fadeInUp\" data-wow-duration=\"1.2s\">\n                    <div class=\"pxl-item--image hover-imge-effect3\">\n                                                    <div class=\"bg-image\" style=\"--pg-background-image: url('https:\/\/denmaks.lv\/wp-content\/uploads\/2025\/03\/apgaismes_profili-Copy-1.png');\">\n                                <a href=\"https:\/\/denmaks.lv\/ru\/service\/apgaismes-profili\/\">\n                                    <img decoding=\"async\" class=\"no-lazyload \" src=\"https:\/\/denmaks.lv\/wp-content\/uploads\/2025\/03\/apgaismes_profili-Copy-1-700x467.png\" width=\"700\" height=\"467\" alt=\"apgaismes_profili - Copy\" title=\"apgaismes_profili - Copy\" \/>                                <\/a>\n                            <\/div>\n                                            <\/div>\n                    <div class=\"pxl-item--holder\">\n                                                                            <div class=\"pxl-item--icon\">\n                                <img loading=\"lazy\" decoding=\"async\" width=\"2251\" height=\"834\" src=\"https:\/\/denmaks.lv\/wp-content\/uploads\/2025\/03\/elements-tr-15.png\" class=\"attachment-full\" alt=\"\" srcset=\"https:\/\/denmaks.lv\/wp-content\/uploads\/2025\/03\/elements-tr-15.png 2251w, https:\/\/denmaks.lv\/wp-content\/uploads\/2025\/03\/elements-tr-15-300x111.png 300w, https:\/\/denmaks.lv\/wp-content\/uploads\/2025\/03\/elements-tr-15-1024x379.png 1024w, https:\/\/denmaks.lv\/wp-content\/uploads\/2025\/03\/elements-tr-15-768x285.png 768w, https:\/\/denmaks.lv\/wp-content\/uploads\/2025\/03\/elements-tr-15-1536x569.png 1536w, https:\/\/denmaks.lv\/wp-content\/uploads\/2025\/03\/elements-tr-15-2048x759.png 2048w, https:\/\/denmaks.lv\/wp-content\/uploads\/2025\/03\/elements-tr-15-18x7.png 18w, https:\/\/denmaks.lv\/wp-content\/uploads\/2025\/03\/elements-tr-15-1200x445.png 1200w, https:\/\/denmaks.lv\/wp-content\/uploads\/2025\/03\/elements-tr-15-600x222.png 600w\" sizes=\"(max-width: 2251px) 100vw, 2251px\" \/>                            <\/div>\n                                                \n                        <h3 class=\"pxl-item--title\">\n                            <a href=\"https:\/\/denmaks.lv\/ru\/service\/apgaismes-profili\/\">Apgaismes profili auduma un PVC griestiem \u2014 moderns un izsmalcin\u0101ts dizaina risin\u0101jums<\/a>\n                        <\/h3>\n                                                    <div class=\"pxl-item--content\">\n                                Apgaismes profili, piem\u0113ram, KRAAB Systems profili, ir est\u0113tiski pievilc\u012bgs risin\u0101jums gan auduma, gan PVC griestiem. Tie rada \u201cpeldo\u0161o griestu\u201d efektu, kur griesti vizu\u0101li atdal\u0101s no&hellip;                            <\/div>\n                                                                            <div class=\"pxl-item--readmore\">\n                                <a href=\"https:\/\/denmaks.lv\/ru\/service\/apgaismes-profili\/\">\n                                    <span class=\"pxl-mr-15\">View more<\/span>\n                                    <i class=\"flaticon-right\"><\/i>\n                                <\/a>\n                            <\/div>\n                                            <\/div>\n                <\/div>\n            <\/div>\n                    <div class=\"pxl-grid-item col-xl-12 col-lg-12 col-md-12 col-sm-12 col-12 \">\n                <div class=\"pxl-item--inner pxl-not-active wow fadeInUp\" data-wow-duration=\"1.2s\">\n                    <div class=\"pxl-item--image hover-imge-effect3\">\n                                                    <div class=\"bg-image\" style=\"--pg-background-image: url('https:\/\/denmaks.lv\/wp-content\/uploads\/2025\/03\/aizkaru_karnizes.png');\">\n                                <a href=\"https:\/\/denmaks.lv\/ru\/service\/aizskaru-karnizes\/\">\n                                    <img loading=\"lazy\" decoding=\"async\" class=\"no-lazyload \" src=\"https:\/\/denmaks.lv\/wp-content\/uploads\/2025\/03\/aizkaru_karnizes-700x467.png\" width=\"700\" height=\"467\" alt=\"aizkaru_karnizes\" title=\"aizkaru_karnizes\" \/>                                <\/a>\n                            <\/div>\n                                            <\/div>\n                    <div class=\"pxl-item--holder\">\n                                                                            <div class=\"pxl-item--icon\">\n                                <img decoding=\"async\" width=\"2251\" height=\"834\" src=\"https:\/\/denmaks.lv\/wp-content\/uploads\/2025\/03\/elements-tr-08.png\" class=\"attachment-full\" alt=\"\" srcset=\"https:\/\/denmaks.lv\/wp-content\/uploads\/2025\/03\/elements-tr-08.png 2251w, https:\/\/denmaks.lv\/wp-content\/uploads\/2025\/03\/elements-tr-08-300x111.png 300w, https:\/\/denmaks.lv\/wp-content\/uploads\/2025\/03\/elements-tr-08-1024x379.png 1024w, https:\/\/denmaks.lv\/wp-content\/uploads\/2025\/03\/elements-tr-08-768x285.png 768w, https:\/\/denmaks.lv\/wp-content\/uploads\/2025\/03\/elements-tr-08-1536x569.png 1536w, https:\/\/denmaks.lv\/wp-content\/uploads\/2025\/03\/elements-tr-08-2048x759.png 2048w, https:\/\/denmaks.lv\/wp-content\/uploads\/2025\/03\/elements-tr-08-18x7.png 18w, https:\/\/denmaks.lv\/wp-content\/uploads\/2025\/03\/elements-tr-08-1200x445.png 1200w, https:\/\/denmaks.lv\/wp-content\/uploads\/2025\/03\/elements-tr-08-600x222.png 600w\" sizes=\"(max-width: 2251px) 100vw, 2251px\" \/>                            <\/div>\n                                                \n                        <h3 class=\"pxl-item--title\">\n                            <a href=\"https:\/\/denmaks.lv\/ru\/service\/aizskaru-karnizes\/\">Aizkaru karn\u012bzes auduma un PVC griestiem.<\/a>\n                        <\/h3>\n                                                    <div class=\"pxl-item--content\">\n                                Karn\u012bzes ir ide\u0101li piem\u0113roti gan auduma, gan PVC griestiem. T\u0101s nodro\u0161ina est\u0113tisku aizkaru mont\u0101\u017eu griestos, pievienojot interjeram papildus izsmalcin\u0101t\u012bbu. Karn\u012b\u017eu tehnisk\u0101s iesp\u0113jas \u013cauj integr\u0113t aizskarus,&hellip;                            <\/div>\n                                                                            <div class=\"pxl-item--readmore\">\n                                <a href=\"https:\/\/denmaks.lv\/ru\/service\/aizskaru-karnizes\/\">\n                                    <span class=\"pxl-mr-15\">View more<\/span>\n                                    <i class=\"flaticon-right\"><\/i>\n                                <\/a>\n                            <\/div>\n                                            <\/div>\n                <\/div>\n            <\/div>\n                    <div class=\"pxl-grid-item col-xl-12 col-lg-12 col-md-12 col-sm-12 col-12 \">\n                <div class=\"pxl-item--inner pxl-not-active wow fadeInUp\" data-wow-duration=\"1.2s\">\n                    <div class=\"pxl-item--image hover-imge-effect3\">\n                                                    <div class=\"bg-image\" style=\"--pg-background-image: url('https:\/\/denmaks.lv\/wp-content\/uploads\/2025\/03\/light_box.png');\">\n                                <a href=\"https:\/\/denmaks.lv\/ru\/service\/light-box\/\">\n                                    <img loading=\"lazy\" decoding=\"async\" class=\"no-lazyload \" src=\"https:\/\/denmaks.lv\/wp-content\/uploads\/2025\/03\/light_box-700x467.png\" width=\"700\" height=\"467\" alt=\"light_box\" title=\"light_box\" \/>                                <\/a>\n                            <\/div>\n                                            <\/div>\n                    <div class=\"pxl-item--holder\">\n                                                                            <div class=\"pxl-item--icon\">\n                                <img loading=\"lazy\" decoding=\"async\" width=\"2251\" height=\"834\" src=\"https:\/\/denmaks.lv\/wp-content\/uploads\/2025\/03\/elements-tr-15.png\" class=\"attachment-full\" alt=\"\" srcset=\"https:\/\/denmaks.lv\/wp-content\/uploads\/2025\/03\/elements-tr-15.png 2251w, https:\/\/denmaks.lv\/wp-content\/uploads\/2025\/03\/elements-tr-15-300x111.png 300w, https:\/\/denmaks.lv\/wp-content\/uploads\/2025\/03\/elements-tr-15-1024x379.png 1024w, https:\/\/denmaks.lv\/wp-content\/uploads\/2025\/03\/elements-tr-15-768x285.png 768w, https:\/\/denmaks.lv\/wp-content\/uploads\/2025\/03\/elements-tr-15-1536x569.png 1536w, https:\/\/denmaks.lv\/wp-content\/uploads\/2025\/03\/elements-tr-15-2048x759.png 2048w, https:\/\/denmaks.lv\/wp-content\/uploads\/2025\/03\/elements-tr-15-18x7.png 18w, https:\/\/denmaks.lv\/wp-content\/uploads\/2025\/03\/elements-tr-15-1200x445.png 1200w, https:\/\/denmaks.lv\/wp-content\/uploads\/2025\/03\/elements-tr-15-600x222.png 600w\" sizes=\"(max-width: 2251px) 100vw, 2251px\" \/>                            <\/div>\n                                                \n                        <h3 class=\"pxl-item--title\">\n                            <a href=\"https:\/\/denmaks.lv\/ru\/service\/light-box\/\">Light Box \u2014 Premium apgaismojuma risin\u0101jums auduma un PVC griestiem<\/a>\n                        <\/h3>\n                                                    <div class=\"pxl-item--content\">\n                                Light Box ir elegants un moderna apgaismojuma risin\u0101jums, kas ide\u0101li piem\u0113rots auduma un PVC griestiem. Tas nodro\u0161ina vienm\u0113r\u012bgu un maigu apgaismojumu, kas pie\u0161\u0137ir telpai izsmalcin\u0101t\u012bbu&hellip;                            <\/div>\n                                                                            <div class=\"pxl-item--readmore\">\n                                <a href=\"https:\/\/denmaks.lv\/ru\/service\/light-box\/\">\n                                    <span class=\"pxl-mr-15\">View more<\/span>\n                                    <i class=\"flaticon-right\"><\/i>\n                                <\/a>\n                            <\/div>\n                                            <\/div>\n                <\/div>\n            <\/div>\n                <div class=\"grid-sizer col-xl-12 col-lg-12 col-md-12 col-sm-12 col-12\"><\/div>\n    <\/div>\n            <div class=\"pxl-grid-pagination\" data-loadmore=\"{&quot;post_type&quot;:&quot;service&quot;,&quot;layout&quot;:&quot;service-1&quot;,&quot;startPage&quot;:1,&quot;maxPages&quot;:1,&quot;total&quot;:4,&quot;perpage&quot;:4,&quot;nextLink&quot;:&quot;&quot;,&quot;source&quot;:[],&quot;orderby&quot;:&quot;date&quot;,&quot;order&quot;:&quot;asc&quot;,&quot;limit&quot;:4,&quot;post_ids&quot;:[&quot;9839&quot;,&quot;9844&quot;,&quot;9849&quot;,&quot;9851&quot;],&quot;col_xl&quot;:12,&quot;col_lg&quot;:12,&quot;col_md&quot;:12,&quot;col_sm&quot;:12,&quot;col_xs&quot;:12,&quot;pagination_type&quot;:&quot;pagination&quot;,&quot;show_excerpt&quot;:&quot;true&quot;,&quot;show_button&quot;:&quot;true&quot;,&quot;button_text&quot;:&quot;&quot;,&quot;num_words&quot;:25,&quot;img_size&quot;:&quot;&quot;,&quot;grid_masonry&quot;:&quot;&quot;,&quot;pxl_animate&quot;:&quot;wow fadeInUp&quot;,&quot;html_id&quot;:&quot;pxl_post_grid-2914fe7-6705&quot;,&quot;tax&quot;:[]}\" data-query=\"{&quot;post_type&quot;:&quot;service&quot;,&quot;post_status&quot;:&quot;publish&quot;,&quot;posts_per_page&quot;:4,&quot;order&quot;:&quot;asc&quot;,&quot;orderby&quot;:&quot;date&quot;,&quot;post__in&quot;:[9839,9844,9849,9851]}\">\n                    <\/div>\n        <\/div>\t\t\t\t<\/div>\n\t\t\t\t<\/div>\n\t\t            <\/div>\r\n        <\/div>\r\n        \t\t\t<\/div>\n\t\t<\/section>\n\t\t\t\t<\/div>\n\t\t","protected":false},"excerpt":{"rendered":"<p>DenMaks Design profili \u0112nas profili \u2014 moderns un elegants risin\u0101jums \u0112nas profili, piem\u0113ram, KRAAB Systems profili, ir risin\u0101jums auduma un PVC griestiem, kas pie\u0161\u0137ir interjeram izsmalcin\u0101t\u012bbu un modernu izskatu. \u0160ie profili rada prec\u012bzu un elegantu&hellip; View more Apgaismes profili auduma un PVC griestiem \u2014 moderns un izsmalcin\u0101ts dizaina risin\u0101jums Apgaismes profili, piem\u0113ram, KRAAB Systems profili, [&hellip;]<\/p>\n","protected":false},"author":2,"featured_media":0,"parent":0,"menu_order":0,"comment_status":"closed","ping_status":"closed","template":"","meta":{"footnotes":""},"class_list":["post-9820","page","type-page","status-publish","hentry"],"_links":{"self":[{"href":"https:\/\/denmaks.lv\/ru\/wp-json\/wp\/v2\/pages\/9820","targetHints":{"allow":["GET"]}}],"collection":[{"href":"https:\/\/denmaks.lv\/ru\/wp-json\/wp\/v2\/pages"}],"about":[{"href":"https:\/\/denmaks.lv\/ru\/wp-json\/wp\/v2\/types\/page"}],"author":[{"embeddable":true,"href":"https:\/\/denmaks.lv\/ru\/wp-json\/wp\/v2\/users\/2"}],"replies":[{"embeddable":true,"href":"https:\/\/denmaks.lv\/ru\/wp-json\/wp\/v2\/comments?post=9820"}],"version-history":[{"count":138,"href":"https:\/\/denmaks.lv\/ru\/wp-json\/wp\/v2\/pages\/9820\/revisions"}],"predecessor-version":[{"id":16647,"href":"https:\/\/denmaks.lv\/ru\/wp-json\/wp\/v2\/pages\/9820\/revisions\/16647"}],"wp:attachment":[{"href":"https:\/\/denmaks.lv\/ru\/wp-json\/wp\/v2\/media?parent=9820"}],"curies":[{"name":"wp","href":"https:\/\/api.w.org\/{rel}","templated":true}]}}