{"id":9129,"date":"2025-03-05T14:39:39","date_gmt":"2025-03-05T14:39:39","guid":{"rendered":"https:\/\/denmaks.lv\/?page_id=9129"},"modified":"2025-03-06T10:33:19","modified_gmt":"2025-03-06T10:33:19","slug":"slim27","status":"publish","type":"page","link":"https:\/\/denmaks.lv\/ru\/slim27\/","title":{"rendered":"SLIM27"},"content":{"rendered":"<div data-elementor-type=\"wp-page\" data-elementor-id=\"9129\" class=\"elementor elementor-9129\" data-elementor-post-type=\"page\">\n\t\t\t\t<div class=\"elementor-element elementor-element-74865ed e-flex e-con-boxed e-con e-parent\" data-id=\"74865ed\" data-element_type=\"container\" data-e-type=\"container\">\t\t\t<div class=\"e-con-inner\">\r\n\t\t<div class=\"elementor-element elementor-element-d22809f e-con-full e-flex e-con e-child\" data-id=\"d22809f\" data-element_type=\"container\" data-e-type=\"container\"><div class=\"elementor-element elementor-element-f23126f e-con-full e-flex e-con e-child\" data-id=\"f23126f\" data-element_type=\"container\" data-e-type=\"container\">\t\t<div class=\"elementor-element elementor-element-d25f7fe elementor-widget elementor-widget-pxl_image\" data-id=\"d25f7fe\" data-element_type=\"widget\" data-e-type=\"widget\" data-widget_type=\"pxl_image.default\">\n\t\t\t\t<div class=\"elementor-widget-container\">\n\t\t\t\t\t<div id=\"pxl_image-d25f7fe-6440\" class=\"pxl-image-single pxl-disable-parallax-sm\" data-wow-delay=\"ms\"  >\r\n    <div class=\"pxl-item--inner\" data-wow-delay=\"120ms\">\r\n        \r\n                                <div class=\"pxl-item--image\" data-parallax-value=\"\">\r\n                                                     <img fetchpriority=\"high\" decoding=\"async\" class=\"no-lazyload\" src=\"https:\/\/denmaks.lv\/wp-content\/uploads\/2024\/03\/project-img1-1-750x550.jpg\" width=\"750\" height=\"550\" alt=\"project-img1\" title=\"\u043f\u0440\u043e\u0435\u043a\u0442-img1\" \/>                                            <\/div>\r\n                            \r\n            <\/div>\r\n<\/div>\t\t\t\t<\/div>\n\t\t\t\t<\/div>\n\t\t\t\t<div class=\"elementor-element elementor-element-0303de7 elementor-widget elementor-widget-pxl_text_editor\" data-id=\"0303de7\" data-element_type=\"widget\" data-e-type=\"widget\" data-widget_type=\"pxl_text_editor.default\">\n\t\t\t\t<div class=\"elementor-widget-container\">\n\t\t\t\t\t<div id=\"pxl_text_editor-0303de7-7627\" class=\"pxl-image-wg\" duration=\"1\">\n\t<div class=\"pxl-text-editor\">\n\t\t<div class=\"pxl-item--inner\" data-wow-delay=\"ms\">\n\t\t\t<p>SLIM27 ir ide\u0101la izv\u0113le profesion\u0101liem dizaineriem un arhitektiem, kas v\u0113las rad\u012bt m\u016bsdien\u012bgus, est\u0113tiskus un ilgtsp\u0113j\u012bgus interjera risin\u0101jumus!<\/p>\t\t\n\t\t<\/div>\n\t<\/div>\n<\/div>\t\t\t\t<\/div>\n\t\t\t\t<\/div>\n\t\t\t\t<div class=\"elementor-element elementor-element-934374f elementor-align-center elementor-widget__width-initial elementor-widget elementor-widget-button\" data-id=\"934374f\" data-element_type=\"widget\" data-e-type=\"widget\" data-widget_type=\"button.default\">\n\t\t\t\t\t\t\t\t\t\t<a class=\"elementor-button elementor-button-link elementor-size-sm\" href=\"https:\/\/denmaks.lv\/ru\/contact-us\/\">\n\t\t\t\t\t\t<span class=\"elementor-button-content-wrapper\">\n\t\t\t\t\t\t\t\t\t<span class=\"elementor-button-text\">\u0421\u0432\u044f\u0437\u0430\u0442\u044c\u0441\u044f<\/span>\n\t\t\t\t\t<\/span>\n\t\t\t\t\t<\/a>\n\t\t\t\t\t\t\t\t<\/div>\n\t\t\t\t<\/div>\r\n\t\t<div class=\"elementor-element elementor-element-8aeb0e3 e-con-full e-flex e-con e-child\" data-id=\"8aeb0e3\" data-element_type=\"container\" data-e-type=\"container\">\t\t<div class=\"elementor-element elementor-element-99be130 elementor-widget elementor-widget-pxl_heading\" data-id=\"99be130\" data-element_type=\"widget\" data-e-type=\"widget\" data-widget_type=\"pxl_heading.default\">\n\t\t\t\t<div class=\"elementor-widget-container\">\n\t\t\t\t\t<div id=\"pxl-pxl_heading-99be130-8730\" class=\"pxl-heading px-sub-title-default-style\">\n\t<div class=\"pxl-heading--inner\">\n\t\t\n\t\t\n\t\t<h2 class=\"pxl-item--title\" data-wow-delay=\"ms\">\n\t\t\tSLIM27 - \u0441\u043e\u0432\u0440\u0435\u043c\u0435\u043d\u043d\u0430\u044f \u0438 \u0443\u043d\u0438\u0432\u0435\u0440\u0441\u0430\u043b\u044c\u043d\u0430\u044f \u043f\u0440\u043e\u0444\u0438\u043b\u044c\u043d\u0430\u044f \u0441\u0438\u0441\u0442\u0435\u043c\u0430 \u0434\u043b\u044f \u043d\u0430\u0442\u044f\u0436\u043d\u044b\u0445 \u043f\u043e\u0442\u043e\u043b\u043a\u043e\u0432\t\t\n\t\t<\/h2>\n\n\t\t\n\t\t\n\t\t\t\t\n\t<\/div>\n<\/div>\t\t\t\t<\/div>\n\t\t\t\t<\/div>\n\t\t\t\t<div class=\"elementor-element elementor-element-898bf13 elementor-widget elementor-widget-pxl_text_editor\" data-id=\"898bf13\" data-element_type=\"widget\" data-e-type=\"widget\" data-widget_type=\"pxl_text_editor.default\">\n\t\t\t\t<div class=\"elementor-widget-container\">\n\t\t\t\t\t<div id=\"pxl_text_editor-898bf13-7157\" class=\"pxl-image-wg\" duration=\"1\">\n\t<div class=\"pxl-text-editor\">\n\t\t<div class=\"pxl-item--inner\" data-wow-delay=\"ms\">\n\t\t\t<p>SLIM27 - \u044d\u0442\u043e \u0438\u043d\u043d\u043e\u0432\u0430\u0446\u0438\u043e\u043d\u043d\u0430\u044f \u0430\u043b\u044e\u043c\u0438\u043d\u0438\u0435\u0432\u0430\u044f \u043f\u0440\u043e\u0444\u0438\u043b\u044c\u043d\u0430\u044f \u0441\u0438\u0441\u0442\u0435\u043c\u0430 \u0434\u043b\u044f \u043d\u0430\u0442\u044f\u0436\u043d\u044b\u0445 \u043f\u043e\u0442\u043e\u043b\u043a\u043e\u0432 \u0438 \u0441\u0442\u0435\u043d, \u043e\u0431\u0435\u0441\u043f\u0435\u0447\u0438\u0432\u0430\u044e\u0449\u0430\u044f \u043c\u0438\u043d\u0438\u043c\u0430\u043b\u0438\u0441\u0442\u0438\u0447\u043d\u044b\u0439 \u0434\u0438\u0437\u0430\u0439\u043d \u0438 \u043c\u0430\u043a\u0441\u0438\u043c\u0430\u043b\u044c\u043d\u0443\u044e \u0444\u0443\u043d\u043a\u0446\u0438\u043e\u043d\u0430\u043b\u044c\u043d\u043e\u0441\u0442\u044c. \u042d\u0442\u0430 \u043f\u0440\u043e\u0444\u0438\u043b\u044c\u043d\u0430\u044f \u0441\u0438\u0441\u0442\u0435\u043c\u0430 \u0431\u044b\u043b\u0430 \u0441\u043f\u0435\u0446\u0438\u0430\u043b\u044c\u043d\u043e \u0440\u0430\u0437\u0440\u0430\u0431\u043e\u0442\u0430\u043d\u0430 \u0434\u043b\u044f \u0441\u043e\u0437\u0434\u0430\u043d\u0438\u044f \u0442\u043e\u043d\u043a\u043e\u0433\u043e \u0438 \u043f\u0440\u0430\u043a\u0442\u0438\u0447\u0435\u0441\u043a\u0438 \u043d\u0435\u0437\u0430\u043c\u0435\u0442\u043d\u043e\u0433\u043e \u043a\u0440\u0435\u043f\u043b\u0435\u043d\u0438\u044f, \u043a\u043e\u0442\u043e\u0440\u043e\u0435 \u0433\u0430\u0440\u043c\u043e\u043d\u0438\u0447\u043d\u043e \u0432\u043f\u0438\u0441\u044b\u0432\u0430\u0435\u0442\u0441\u044f \u0432 \u043b\u044e\u0431\u043e\u0439 \u0438\u043d\u0442\u0435\u0440\u044c\u0435\u0440.<\/p>\t\t\n\t\t<\/div>\n\t<\/div>\n<\/div>\t\t\t\t<\/div>\n\t\t\t\t<\/div>\n\t\t\t\t<div class=\"elementor-element elementor-element-ff0ed7d elementor-widget elementor-widget-pxl_meta\" data-id=\"ff0ed7d\" data-element_type=\"widget\" data-e-type=\"widget\" data-widget_type=\"pxl_meta.default\">\n\t\t\t\t<div class=\"elementor-widget-container\">\n\t\t\t\t\t    <div class=\"pxl-meta pxl-meta2\">\r\n    \t<div class=\"pxl-meta-inner\">\r\n    \t\t\t            <div class=\"pxl-item\" data-wow-delay=\"ms\">\r\n\t                <div class=\"pxl-item--text\">\r\n\t                    <b>\u0422\u043e\u043d\u043a\u0438\u0439 \u0438 \u043d\u0435\u0437\u0430\u043c\u0435\u0442\u043d\u044b\u0439 \u043f\u0440\u043e\u0444\u0438\u043b\u044c<\/b>\t                <\/div>\r\n\t                <div class=\"pxl-sub-title\">\r\n\t                    \u0412\u044b\u0441\u043e\u0442\u0430 \u0432\u0441\u0435\u0433\u043e 27 \u043c\u043c \u0434\u043b\u044f \u044d\u043b\u0435\u0433\u0430\u043d\u0442\u043d\u043e\u0433\u043e \u0432\u0438\u0434\u0430.\t                <\/div>\r\n\t            <\/div>\r\n\t        \t            <div class=\"pxl-item\" data-wow-delay=\"ms\">\r\n\t                <div class=\"pxl-item--text\">\r\n\t                    <b>\u0412\u044b\u0441\u043e\u043a\u043e\u0435 \u043a\u0430\u0447\u0435\u0441\u0442\u0432\u043e \u0438 \u0434\u043e\u043b\u0433\u043e\u0432\u0435\u0447\u043d\u043e\u0441\u0442\u044c <\/b>\t                <\/div>\r\n\t                <div class=\"pxl-sub-title\">\r\n\t                    \u0418\u0437\u0433\u043e\u0442\u043e\u0432\u043b\u0435\u043d \u0438\u0437 \u0430\u043b\u044e\u043c\u0438\u043d\u0438\u044f \u0434\u043b\u044f \u0434\u043e\u043b\u0433\u043e\u0432\u0435\u0447\u043d\u043e\u0441\u0442\u0438 \u0438 \u0443\u0441\u0442\u043e\u0439\u0447\u0438\u0432\u043e\u0441\u0442\u0438.\t                <\/div>\r\n\t            <\/div>\r\n\t        \t            <div class=\"pxl-item\" data-wow-delay=\"ms\">\r\n\t                <div class=\"pxl-item--text\">\r\n\t                    <b>\u0423\u043d\u0438\u0432\u0435\u0440\u0441\u0430\u043b\u044c\u043d\u044b\u0435 \u043f\u0440\u0438\u043b\u043e\u0436\u0435\u043d\u0438\u044f <\/b>\t                <\/div>\r\n\t                <div class=\"pxl-sub-title\">\r\n\t                    \u041f\u043e\u0434\u0445\u043e\u0434\u0438\u0442 \u043a\u0430\u043a \u0434\u043b\u044f \u043f\u043e\u0442\u043e\u043b\u043e\u0447\u043d\u044b\u0445, \u0442\u0430\u043a \u0438 \u0434\u043b\u044f \u043d\u0430\u0441\u0442\u0435\u043d\u043d\u044b\u0445 \u043d\u0430\u0442\u044f\u0436\u043d\u044b\u0445 \u0441\u0438\u0441\u0442\u0435\u043c.\t                <\/div>\r\n\t            <\/div>\r\n\t        \t            <div class=\"pxl-item\" data-wow-delay=\"ms\">\r\n\t                <div class=\"pxl-item--text\">\r\n\t                    <b>\u0412\u0441\u0442\u0440\u043e\u0435\u043d\u043d\u0430\u044f \u0441\u0438\u0441\u0442\u0435\u043c\u0430 \u0441\u0432\u0435\u0442\u043e\u0434\u0438\u043e\u0434\u043d\u043e\u0433\u043e \u043e\u0441\u0432\u0435\u0449\u0435\u043d\u0438\u044f <\/b>\t                <\/div>\r\n\t                <div class=\"pxl-sub-title\">\r\n\t                    \u041c\u043e\u0436\u043d\u043e \u043a\u043e\u043c\u0431\u0438\u043d\u0438\u0440\u043e\u0432\u0430\u0442\u044c \u0441 \u043b\u0438\u043d\u0435\u0439\u043d\u044b\u043c \u043e\u0441\u0432\u0435\u0449\u0435\u043d\u0438\u0435\u043c \u0434\u043b\u044f \u0441\u043e\u0437\u0434\u0430\u043d\u0438\u044f \u0441\u043e\u0432\u0440\u0435\u043c\u0435\u043d\u043d\u043e\u0433\u043e \u0438 \u0441\u0442\u0438\u043b\u044c\u043d\u043e\u0433\u043e \u044d\u0444\u0444\u0435\u043a\u0442\u0430.\t                <\/div>\r\n\t            <\/div>\r\n\t        \t            <div class=\"pxl-item\" data-wow-delay=\"ms\">\r\n\t                <div class=\"pxl-item--text\">\r\n\t                    <b>\u041f\u0440\u043e\u0441\u0442\u0430\u044f \u0441\u0431\u043e\u0440\u043a\u0430 <\/b>\t                <\/div>\r\n\t                <div class=\"pxl-sub-title\">\r\n\t                    \u041f\u0440\u0435\u0434\u043d\u0430\u0437\u043d\u0430\u0447\u0435\u043d \u0434\u043b\u044f \u0431\u044b\u0441\u0442\u0440\u043e\u0439 \u0438 \u0442\u043e\u0447\u043d\u043e\u0439 \u0443\u0441\u0442\u0430\u043d\u043e\u0432\u043a\u0438 \u0431\u0435\u0437 \u0441\u043b\u043e\u0436\u043d\u044b\u0445 \u043f\u0440\u043e\u0435\u043a\u0442\u043d\u044b\u0445 \u0440\u0430\u0431\u043e\u0442.\t                <\/div>\r\n\t            <\/div>\r\n\t            \t<\/div>\r\n    <\/div>\r\n\t\t\t\t<\/div>\n\t\t\t\t<\/div>\n\t\t\t\t<\/div>\r\n\t\t\t\t<\/div>\r\n\t\t\t\t\t<\/div>\r\n\t\t\t\t<\/div>\r\n\t\t<div class=\"elementor-element elementor-element-6444baa e-con-full e-flex e-con e-parent\" data-id=\"6444baa\" data-element_type=\"container\" data-e-type=\"container\"><div class=\"elementor-element elementor-element-283d9f2 e-con-full e-flex e-con e-child\" data-id=\"283d9f2\" data-element_type=\"container\" data-e-type=\"container\">\t\t<div class=\"elementor-element elementor-element-ebabb43 elementor-widget__width-inherit elementor-widget elementor-widget-pxl_text_carousel\" data-id=\"ebabb43\" data-element_type=\"widget\" data-e-type=\"widget\" data-widget_type=\"pxl_text_carousel.default\">\n\t\t\t\t<div class=\"elementor-widget-container\">\n\t\t\t\t\t    <div class=\"pxl-text-carousel pxl-text-carousel1 pxl-text-slide1 style1\">\n        <div class=\"pxl-text-slide text-slide-to-left\" style=\"animation-duration:16000ms\">\n                                <div class=\"pxl--item\" data-wow-delay=\"ms\">\n                        <div class=\"pxl-item--text\"><span>\u0421\u0432\u044f\u0437\u0430\u0442\u044c\u0441\u044f \u0441 DenMaks Design <\/span><\/div>\n                    <\/div>\n                                    <\/div>\n        <div class=\"pxl-text-fixed\">\n                                <div class=\"pxl--item\" data-wow-delay=\"ms\">\n                        <div class=\"pxl-item--text\"><span>\u0421\u0432\u044f\u0437\u0430\u0442\u044c\u0441\u044f \u0441 DenMaks Design <\/span><\/div>\n                    <\/div>\n                                    <\/div>\n    <\/div>\n\t\t\t\t<\/div>\n\t\t\t\t<\/div>\n\t\t\t\t<\/div>\r\n\t\t\t\t<\/div>\r\n\t\t\t\t<\/div>","protected":false},"excerpt":{"rendered":"<p>SLIM27 ir ide\u0101la izv\u0113le profesion\u0101liem dizaineriem un arhitektiem, kas v\u0113las rad\u012bt m\u016bsdien\u012bgus, est\u0113tiskus un ilgtsp\u0113j\u012bgus interjera risin\u0101jumus! Sazin\u0101ties SLIM27 \u2013 moderna un univers\u0101la profilu sist\u0113ma nostiepjamajiem griestiem SLIM27 ir inovat\u012bva alum\u012bnija profilu sist\u0113ma, kas paredz\u0113ta nostiepjamajiem griestiem un sien\u0101m, nodro\u0161inot minim\u0101listisku dizainu un maksim\u0101lu funkcionalit\u0101ti. \u0160\u012b profilu sist\u0113ma ir \u012bpa\u0161i izstr\u0101d\u0101ta, lai nodro\u0161in\u0101tu pl\u0101nu un [&hellip;]<\/p>\n","protected":false},"author":2,"featured_media":0,"parent":0,"menu_order":0,"comment_status":"closed","ping_status":"closed","template":"","meta":{"footnotes":""},"class_list":["post-9129","page","type-page","status-publish","hentry"],"_links":{"self":[{"href":"https:\/\/denmaks.lv\/ru\/wp-json\/wp\/v2\/pages\/9129","targetHints":{"allow":["GET"]}}],"collection":[{"href":"https:\/\/denmaks.lv\/ru\/wp-json\/wp\/v2\/pages"}],"about":[{"href":"https:\/\/denmaks.lv\/ru\/wp-json\/wp\/v2\/types\/page"}],"author":[{"embeddable":true,"href":"https:\/\/denmaks.lv\/ru\/wp-json\/wp\/v2\/users\/2"}],"replies":[{"embeddable":true,"href":"https:\/\/denmaks.lv\/ru\/wp-json\/wp\/v2\/comments?post=9129"}],"version-history":[{"count":10,"href":"https:\/\/denmaks.lv\/ru\/wp-json\/wp\/v2\/pages\/9129\/revisions"}],"predecessor-version":[{"id":9225,"href":"https:\/\/denmaks.lv\/ru\/wp-json\/wp\/v2\/pages\/9129\/revisions\/9225"}],"wp:attachment":[{"href":"https:\/\/denmaks.lv\/ru\/wp-json\/wp\/v2\/media?parent=9129"}],"curies":[{"name":"wp","href":"https:\/\/api.w.org\/{rel}","templated":true}]}}