{"id":8525,"date":"2025-02-28T13:52:00","date_gmt":"2025-02-28T13:52:00","guid":{"rendered":"https:\/\/denmaks.lv\/?page_id=8525"},"modified":"2025-04-30T11:21:20","modified_gmt":"2025-04-30T11:21:20","slug":"dizaineriem","status":"publish","type":"page","link":"https:\/\/denmaks.lv\/ru\/dizaineriem\/","title":{"rendered":"\u0414\u0438\u0437\u0430\u0439\u043d\u0435\u0440\u0430\u043c"},"content":{"rendered":"\t\t<div data-elementor-type=\"wp-page\" data-elementor-id=\"8525\" class=\"elementor elementor-8525\" data-elementor-post-type=\"page\">\n\t\t\t\t        <section class=\"elementor-section elementor-top-section elementor-element elementor-element-b12ac9a elementor-section-stretched elementor-section-boxed elementor-section-height-default elementor-section-height-default pxl-row-scroll-none pxl-bg-color-none pxl-section-overlay-none\" data-id=\"b12ac9a\" data-element_type=\"section\" data-e-type=\"section\" data-settings=\"{&quot;stretch_section&quot;:&quot;section-stretched&quot;,&quot;background_background&quot;:&quot;classic&quot;}\">\n\n                            <div class=\"elementor-background-overlay\"><\/div>\n            \n                <div class=\"elementor-container elementor-column-gap-extended \">\n                <div class=\"elementor-column elementor-col-100 elementor-top-column elementor-element elementor-element-5fb2287 pxl-column-none\" data-id=\"5fb2287\" data-element_type=\"column\" data-e-type=\"column\" data-settings=\"{&quot;background_background&quot;:&quot;classic&quot;}\">\r\n        <div class=\"elementor-widget-wrap elementor-element-populated\">\r\n                     \r\n        \t\t<div class=\"elementor-element elementor-element-b413c0b elementor-widget__width-initial elementor-widget elementor-widget-pxl_heading\" data-id=\"b413c0b\" data-element_type=\"widget\" data-e-type=\"widget\" data-widget_type=\"pxl_heading.default\">\n\t\t\t\t<div class=\"elementor-widget-container\">\n\t\t\t\t\t<div id=\"pxl-pxl_heading-b413c0b-1215\" class=\"pxl-heading px-sub-title-under-style\">\n\t<div class=\"pxl-heading--inner\">\n\t\t\n\t\t\n\t\t<h3 class=\"pxl-item--title wow fadeInLeft\" data-wow-delay=\"300ms\">\n\t\t\t<a style='color:white;font-size:bold' href=\"#\">Jaunas tehnolo\u0123ijas<\/a>\n<br>\n<a style='color:white;font-size:bold' href=\"#\">Apm\u0101c\u012bbas<\/a>\n<br>\n<a style='color:white;font-size:bold' href=\"#\"> Uzticams jauno tehnolo\u0123iju padomdev\u0113js dizaineriem                                    <\/a>\n<br>\n\t\t\n\t\t<\/h3>\n\n\t\t\n\t\t\n\t\t\t\t\n\t<\/div>\n<\/div>\t\t\t\t<\/div>\n\t\t\t\t<\/div>\n\t\t\t\t<div class=\"elementor-element elementor-element-41655f5 elementor-align-center elementor-widget__width-initial elementor-widget elementor-widget-button\" data-id=\"41655f5\" data-element_type=\"widget\" data-e-type=\"widget\" data-widget_type=\"button.default\">\n\t\t\t\t\t\t\t\t\t\t<a class=\"elementor-button elementor-button-link elementor-size-sm\" href=\"https:\/\/denmaks.lv\/contact-us\/\">\n\t\t\t\t\t\t<span class=\"elementor-button-content-wrapper\">\n\t\t\t\t\t\t\t\t\t<span class=\"elementor-button-text\">Sazin\u0101ties<\/span>\n\t\t\t\t\t<\/span>\n\t\t\t\t\t<\/a>\n\t\t\t\t\t\t\t\t<\/div>\n\t\t            <\/div>\r\n        <\/div>\r\n        \t\t\t<\/div>\n\t\t<\/section>\n\t\t<div class=\"elementor-element elementor-element-8bf00b8 e-flex e-con-boxed e-con e-parent \" data-id=\"8bf00b8\" data-element_type=\"container\" data-e-type=\"container\" data-settings=\"{&quot;background_background&quot;:&quot;classic&quot;}\">\t\t\t<div class=\"e-con-inner\">\r\n\t\t\t\t<div class=\"elementor-element elementor-element-d5f51d5 elementor-widget__width-initial mission-heading elementor-widget elementor-widget-heading\" data-id=\"d5f51d5\" data-element_type=\"widget\" data-e-type=\"widget\" data-widget_type=\"heading.default\">\n\t\t\t\t\t<h1 class=\"elementor-heading-title elementor-size-default\"><b style=\"color: #ffa500\">DenMaks Design<\/b><b style='color:white'> atbalsts dizaineriem<\/b><\/h1>\t\t\t\t<\/div>\n\t\t\t\t\t<\/div>\r\n\t\t\t\t<\/div>\r\n\t\t<div class=\"elementor-element elementor-element-4cce61f e-flex e-con-boxed e-con e-parent \" data-id=\"4cce61f\" data-element_type=\"container\" data-e-type=\"container\" data-settings=\"{&quot;background_background&quot;:&quot;classic&quot;}\">\t\t\t<div class=\"e-con-inner\">\r\n\t\t<div class=\"elementor-element elementor-element-6f1cc44 e-con-full e-flex e-con e-child \" data-id=\"6f1cc44\" data-element_type=\"container\" data-e-type=\"container\">\t\t<div class=\"elementor-element elementor-element-858823b bullet-points elementor-widget elementor-widget-pxl_meta\" data-id=\"858823b\" data-element_type=\"widget\" data-e-type=\"widget\" data-widget_type=\"pxl_meta.default\">\n\t\t\t\t<div class=\"elementor-widget-container\">\n\t\t\t\t\t    <div class=\"pxl-meta pxl-meta2\">\r\n    \t<div class=\"pxl-meta-inner\">\r\n    \t\t\t            <div class=\"pxl-item \" data-wow-delay=\"ms\">\r\n\t                <div class=\"pxl-item--text\">\r\n\t                    Paraugu un materi\u0101lu nodro\u0161in\u0101\u0161ana - pied\u0101v\u0101jam iesp\u0113ju apskat\u012bt un test\u0113t materi\u0101lus, apgaismojuma elementus un nostiepjam\u0101s griestu sist\u0113mas pirms to integr\u0113\u0161anas projekt\u0101\t                <\/div>\r\n\t                <div class=\"pxl-sub-title\">\r\n\t                    \t                <\/div>\r\n\t            <\/div>\r\n\t        \t            <div class=\"pxl-item \" data-wow-delay=\"ms\">\r\n\t                <div class=\"pxl-item--text\">\r\n\t                    Apm\u0101c\u012bbas un konsult\u0101cijas - pied\u0101v\u0101jam dizaineriem iesp\u0113ju iepaz\u012bties ar jaun\u0101kaj\u0101m apgaismojuma un interjera tehnolo\u0123ij\u0101m, lai papla\u0161in\u0101tu zin\u0101\u0161anas un profesion\u0101l\u0101s iesp\u0113jas\t                <\/div>\r\n\t                <div class=\"pxl-sub-title\">\r\n\t                    \t                <\/div>\r\n\t            <\/div>\r\n\t        \t            <div class=\"pxl-item \" data-wow-delay=\"ms\">\r\n\t                <div class=\"pxl-item--text\">\r\n\t                    Elast\u012bga sadarb\u012bba un \u0101tra komunik\u0101cija - piel\u0101gojamies dizaineru vajadz\u012bb\u0101m, nodro\u0161inot \u0101tru atgriezenisko saiti un efekt\u012bvu projektu izstr\u0101di\t                <\/div>\r\n\t                <div class=\"pxl-sub-title\">\r\n\t                    \t                <\/div>\r\n\t            <\/div>\r\n\t            \t<\/div>\r\n    <\/div>\r\n\t\t\t\t<\/div>\n\t\t\t\t<\/div>\n\t\t\t\t<\/div>\r\n\t\t<div class=\"elementor-element elementor-element-f1eea66 e-con-full e-flex e-con e-child \" data-id=\"f1eea66\" data-element_type=\"container\" data-e-type=\"container\">\t\t<div class=\"elementor-element elementor-element-aacafd1 bullet-points elementor-widget elementor-widget-pxl_meta\" data-id=\"aacafd1\" data-element_type=\"widget\" data-e-type=\"widget\" data-widget_type=\"pxl_meta.default\">\n\t\t\t\t<div class=\"elementor-widget-container\">\n\t\t\t\t\t    <div class=\"pxl-meta pxl-meta2\">\r\n    \t<div class=\"pxl-meta-inner\">\r\n    \t\t\t            <div class=\"pxl-item \" data-wow-delay=\"ms\">\r\n\t                <div class=\"pxl-item--text\">\r\n\t                    Individu\u0101la pieeja katram projektam - m\u0113s pied\u0101v\u0101jam personaliz\u0113tus risin\u0101jumus, piel\u0101gojot apgaismojumu un interjera elementus katra dizaina specifikai\t                <\/div>\r\n\t                <div class=\"pxl-sub-title\">\r\n\t                    \t                <\/div>\r\n\t            <\/div>\r\n\t        \t            <div class=\"pxl-item \" data-wow-delay=\"ms\">\r\n\t                <div class=\"pxl-item--text\">\r\n\t                    Tehniskais atbalsts un konsult\u0101cijas - m\u016bsu eksperti pal\u012bdz izv\u0113l\u0113ties optim\u0101l\u0101kos materi\u0101lus, tehnolo\u0123ijas un uzst\u0101d\u012b\u0161anas risin\u0101jumus, lai j\u016bsu dizains b\u016btu ne tikai est\u0113tiski pievilc\u012bgs, bet ar\u012b funkcion\u0101ls\t                <\/div>\r\n\t                <div class=\"pxl-sub-title\">\r\n\t                    \t                <\/div>\r\n\t            <\/div>\r\n\t        \t            <div class=\"pxl-item \" data-wow-delay=\"ms\">\r\n\t                <div class=\"pxl-item--text\">\r\n\t                    3D vizualiz\u0101cijas un tehniskie ras\u0113jumi - nodro\u0161in\u0101m augstas kvalit\u0101tes vizu\u0101los materi\u0101lus un tehnisko dokument\u0101ciju, kas atvieglo projektu saska\u0146o\u0161anu un realiz\u0101ciju\t                <\/div>\r\n\t                <div class=\"pxl-sub-title\">\r\n\t                    \t                <\/div>\r\n\t            <\/div>\r\n\t            \t<\/div>\r\n    <\/div>\r\n\t\t\t\t<\/div>\n\t\t\t\t<\/div>\n\t\t\t\t<\/div>\r\n\t\t\t\t\t<\/div>\r\n\t\t\t\t<\/div>\r\n\t\t        <section class=\"elementor-section elementor-top-section elementor-element elementor-element-0648dc9 elementor-section-stretched elementor-section-boxed elementor-section-height-default elementor-section-height-default pxl-row-scroll-none pxl-bg-color-none pxl-section-overlay-none\" data-id=\"0648dc9\" data-element_type=\"section\" data-e-type=\"section\" data-settings=\"{&quot;stretch_section&quot;:&quot;section-stretched&quot;,&quot;background_background&quot;:&quot;classic&quot;}\">\n\n                            <div class=\"elementor-background-overlay\"><\/div>\n            \n                <div class=\"elementor-container elementor-column-gap-extended \">\n                <div class=\"elementor-column elementor-col-50 elementor-top-column elementor-element elementor-element-c721581 pxl-column-none pxl-column-overflow-hidden-no\" data-id=\"c721581\" data-element_type=\"column\" data-e-type=\"column\">\r\n        <div class=\"elementor-widget-wrap elementor-element-populated\">\r\n                     \r\n        \t\t<div class=\"elementor-element elementor-element-87acb48 elementor-widget__width-initial elementor-widget elementor-widget-pxl_text_editor\" data-id=\"87acb48\" data-element_type=\"widget\" data-e-type=\"widget\" data-widget_type=\"pxl_text_editor.default\">\n\t\t\t\t<div class=\"elementor-widget-container\">\n\t\t\t\t\t<div id=\"pxl_text_editor-87acb48-3500\" class=\"pxl-image-wg\" duration=\"1\">\n\t<div class=\"pxl-text-editor\">\n\t\t<div class=\"pxl-item--inner \" data-wow-delay=\"ms\">\n\t\t\t<p><strong><b style=\"color: #ffa500\">Sadarbojoties ar <\/b>\u00a0<b style=\"color: #ffa500\">mums <\/b>ieg\u016bsiet uzticamu partneri, kas pal\u012bdz\u0113s j\u016bsu dizaina projektus pacelt jaun\u0101 l\u012bmen\u012b!<\/strong><\/p>\t\t\n\t\t<\/div>\n\t<\/div>\n<\/div>\t\t\t\t<\/div>\n\t\t\t\t<\/div>\n\t\t            <\/div>\r\n        <\/div>\r\n                <div class=\"elementor-column elementor-col-50 elementor-top-column elementor-element elementor-element-e9ca9b3 pxl-column-none pxl-column-overflow-hidden-no\" data-id=\"e9ca9b3\" data-element_type=\"column\" data-e-type=\"column\">\r\n        <div class=\"elementor-widget-wrap elementor-element-populated\">\r\n                     \r\n        \t\t<div class=\"elementor-element elementor-element-b73180e elementor-widget__width-initial elementor-widget elementor-widget-pxl_contact_form\" data-id=\"b73180e\" data-element_type=\"widget\" data-e-type=\"widget\" data-widget_type=\"pxl_contact_form.default\">\n\t\t\t\t<div class=\"elementor-widget-container\">\n\t\t\t\t\t    <div class=\"pxl-contact-form pxl-contact-form1 notice-style1 box-style-white btn-w-auto wow fadeInUp\" data-wow-delay=\"ms\">\r\n                \t<div class=\"pxl-contact-meta\">\r\n        \t\t<h5><\/h5>\r\n        \t\t<p><\/p>\r\n        \t<\/div>\r\n                \n<div class=\"wpcf7 no-js\" id=\"wpcf7-f4010-o1\" lang=\"en-US\" dir=\"ltr\" data-wpcf7-id=\"4010\">\n<div class=\"screen-reader-response\"><p role=\"status\" aria-live=\"polite\" aria-atomic=\"true\"><\/p> <ul><\/ul><\/div>\n<form action=\"\/ru\/wp-json\/wp\/v2\/pages\/8525#wpcf7-f4010-o1\" method=\"post\" class=\"wpcf7-form init\" aria-label=\"Contact form\" novalidate=\"novalidate\" data-status=\"init\">\n<fieldset class=\"hidden-fields-container\"><input type=\"hidden\" name=\"_wpcf7\" value=\"4010\" \/><input type=\"hidden\" name=\"_wpcf7_version\" value=\"6.1.5\" \/><input type=\"hidden\" name=\"_wpcf7_locale\" value=\"en_US\" \/><input type=\"hidden\" name=\"_wpcf7_unit_tag\" value=\"wpcf7-f4010-o1\" \/><input type=\"hidden\" name=\"_wpcf7_container_post\" value=\"0\" \/><input type=\"hidden\" name=\"_wpcf7_posted_data_hash\" value=\"\" \/>\n<\/fieldset>\n<div class=\"contact6\">\n\t<div class=\"pxl-item-heading-contact\">\n\t\t<p>Uzs\u0101ksim sadarb\u012bbu!\n\t\t<\/p>\n\t<\/div>\n\t<div class=\"form-row\">\n\t\t<div class=\"form pxl-item-name\">\n\t\t\t<p><span class=\"wpcf7-form-control-wrap\" data-name=\"text-484\"><input size=\"40\" maxlength=\"400\" class=\"wpcf7-form-control wpcf7-text wpcf7-validates-as-required\" aria-required=\"true\" aria-invalid=\"false\" placeholder=\"V\u0101rds\" value=\"\" type=\"text\" name=\"text-484\" \/><\/span>\n\t\t\t<\/p>\n\t\t<\/div>\n\t\t<div class=\"form pxl-item-surname\">\n\t\t\t<p><span class=\"wpcf7-form-control-wrap\" data-name=\"text-484\"><input size=\"40\" maxlength=\"400\" class=\"wpcf7-form-control wpcf7-text wpcf7-validates-as-required\" aria-required=\"true\" aria-invalid=\"false\" placeholder=\"Uzv\u0101rds\" value=\"\" type=\"text\" name=\"text-484\" \/><\/span>\n\t\t\t<\/p>\n\t\t<\/div>\n\t<\/div>\n\t<div class=\"form-row\">\n\t\t<div class=\"form pxl-item-email\">\n\t\t\t<p><span class=\"wpcf7-form-control-wrap\" data-name=\"email-761\"><input size=\"40\" maxlength=\"400\" class=\"wpcf7-form-control wpcf7-email wpcf7-validates-as-required wpcf7-text wpcf7-validates-as-email\" aria-required=\"true\" aria-invalid=\"false\" placeholder=\"Epasts\" value=\"\" type=\"email\" name=\"email-761\" \/><\/span>\n\t\t\t<\/p>\n\t\t<\/div>\n\t<\/div>\n\t<div class=\"form pxl-item-message\">\n\t\t<p><span class=\"wpcf7-form-control-wrap\" data-name=\"textarea-648\"><textarea cols=\"40\" rows=\"10\" maxlength=\"2000\" class=\"wpcf7-form-control wpcf7-textarea wpcf7-validates-as-required\" aria-required=\"true\" aria-invalid=\"false\" placeholder=\"Zi\u0146a\" name=\"textarea-648\"><\/textarea><\/span>\n\t\t<\/p>\n\t<\/div>\n\t<div class=\"contact-submit\">\n\t\t<p><input class=\"wpcf7-form-control wpcf7-submit has-spinner submit\" type=\"submit\" value=\"Nos\u016bt\u012bt zi\u0146ojumu\" \/>\n\t\t<\/p>\n\t<\/div>\n\t<div class=\"input-filled input-filled-btn\">\n\t\t<p><script>\n document.addEventListener(\"DOMContentLoaded\", function () {\n \/\/ Get language from HTML tag\n const lang = document.documentElement.lang || 'en';\n\n \/\/ Check if reCAPTCHA script is already present\n if (!document.querySelector('script[src*=\"recaptcha\/api.js\"]')) {\n const script = document.createElement(\"script\");\n script.src = \"https:\/\/www.google.com\/recaptcha\/api.js?hl=\" + lang;\n script.async = true;\n script.defer = true;\n document.body.appendChild(script);\n }\n });\n<\/script>\n\t\t<\/p>\n\t<\/div>\n\t<div id='capcha' class=\"g-recaptcha\" data-sitekey=\"6Lea8Q0rAAAAAJ36DSzppHmi3yLjFYwcMUI1Hlh9\">\n\t<\/div>\n<\/div><div class=\"wpcf7-response-output\" aria-hidden=\"true\"><\/div>\n<\/form>\n<\/div>\n    <\/div>\r\n\t\t\t\t<\/div>\n\t\t\t\t<\/div>\n\t\t            <\/div>\r\n        <\/div>\r\n        \t\t\t<\/div>\n\t\t<\/section>\n\t\t<div class=\"elementor-element elementor-element-4d1b1ea e-con-full e-flex e-con e-parent \" data-id=\"4d1b1ea\" data-element_type=\"container\" data-e-type=\"container\" data-settings=\"{&quot;background_background&quot;:&quot;classic&quot;}\"><div class=\"elementor-element elementor-element-bf4e041 e-con-full e-flex e-con e-child \" data-id=\"bf4e041\" data-element_type=\"container\" data-e-type=\"container\">\t\t<div class=\"elementor-element elementor-element-7937787 elementor-widget elementor-widget-pxl_text_carousel\" data-id=\"7937787\" data-element_type=\"widget\" data-e-type=\"widget\" data-widget_type=\"pxl_text_carousel.default\">\n\t\t\t\t<div class=\"elementor-widget-container\">\n\t\t\t\t\t    <div class=\"pxl-text-carousel pxl-text-carousel1 pxl-text-slide1 style1\">\n        <div class=\"pxl-text-slide text-slide-to-left\" style=\"animation-duration:16000ms\">\n                                <div class=\"pxl--item \" data-wow-delay=\"ms\">\n                        <div class=\"pxl-item--text\"><span>DenMaks Design<\/span><\/div>\n                    <\/div>\n                                                <div class=\"pxl--item \" data-wow-delay=\"ms\">\n                        <div class=\"pxl-item--text\"><span>uzticams jaun\u0101ko tehnolo\u0123iju padomdev\u0113js dizaineriem!<\/span><\/div>\n                    <\/div>\n                                    <\/div>\n        <div class=\"pxl-text-fixed\">\n                                <div class=\"pxl--item \" data-wow-delay=\"ms\">\n                        <div class=\"pxl-item--text\"><span>DenMaks Design<\/span><\/div>\n                    <\/div>\n                                                <div class=\"pxl--item \" data-wow-delay=\"ms\">\n                        <div class=\"pxl-item--text\"><span>uzticams jaun\u0101ko tehnolo\u0123iju padomdev\u0113js dizaineriem!<\/span><\/div>\n                    <\/div>\n                                    <\/div>\n    <\/div>\n\t\t\t\t<\/div>\n\t\t\t\t<\/div>\n\t\t\t\t<\/div>\r\n\t\t\t\t<\/div>\r\n\t\t\t\t<\/div>\n\t\t","protected":false},"excerpt":{"rendered":"<p>Jaunas tehnolo\u0123ijas Apm\u0101c\u012bbas Uzticams jauno tehnolo\u0123iju padomdev\u0113js dizaineriem Sazin\u0101ties DenMaks Design atbalsts dizaineriem Paraugu un materi\u0101lu nodro\u0161in\u0101\u0161ana &#8211; pied\u0101v\u0101jam iesp\u0113ju apskat\u012bt un test\u0113t materi\u0101lus, apgaismojuma elementus un nostiepjam\u0101s griestu sist\u0113mas pirms to integr\u0113\u0161anas projekt\u0101 Apm\u0101c\u012bbas un konsult\u0101cijas &#8211; pied\u0101v\u0101jam dizaineriem iesp\u0113ju iepaz\u012bties ar jaun\u0101kaj\u0101m apgaismojuma un interjera tehnolo\u0123ij\u0101m, lai papla\u0161in\u0101tu zin\u0101\u0161anas un profesion\u0101l\u0101s iesp\u0113jas Elast\u012bga [&hellip;]<\/p>\n","protected":false},"author":2,"featured_media":0,"parent":0,"menu_order":0,"comment_status":"closed","ping_status":"closed","template":"","meta":{"footnotes":""},"class_list":["post-8525","page","type-page","status-publish","hentry"],"_links":{"self":[{"href":"https:\/\/denmaks.lv\/ru\/wp-json\/wp\/v2\/pages\/8525","targetHints":{"allow":["GET"]}}],"collection":[{"href":"https:\/\/denmaks.lv\/ru\/wp-json\/wp\/v2\/pages"}],"about":[{"href":"https:\/\/denmaks.lv\/ru\/wp-json\/wp\/v2\/types\/page"}],"author":[{"embeddable":true,"href":"https:\/\/denmaks.lv\/ru\/wp-json\/wp\/v2\/users\/2"}],"replies":[{"embeddable":true,"href":"https:\/\/denmaks.lv\/ru\/wp-json\/wp\/v2\/comments?post=8525"}],"version-history":[{"count":348,"href":"https:\/\/denmaks.lv\/ru\/wp-json\/wp\/v2\/pages\/8525\/revisions"}],"predecessor-version":[{"id":17588,"href":"https:\/\/denmaks.lv\/ru\/wp-json\/wp\/v2\/pages\/8525\/revisions\/17588"}],"wp:attachment":[{"href":"https:\/\/denmaks.lv\/ru\/wp-json\/wp\/v2\/media?parent=8525"}],"curies":[{"name":"wp","href":"https:\/\/api.w.org\/{rel}","templated":true}]}}