{"id":7224,"date":"2025-02-18T10:51:52","date_gmt":"2025-02-18T10:51:52","guid":{"rendered":"https:\/\/denmaks.lv\/?page_id=7224"},"modified":"2025-04-23T08:48:09","modified_gmt":"2025-04-23T08:48:09","slug":"pakalpojumi","status":"publish","type":"page","link":"https:\/\/denmaks.lv\/ru\/pakalpojumi\/","title":{"rendered":"\u0423\u0441\u043b\u0443\u0433\u0438"},"content":{"rendered":"\t\t<div data-elementor-type=\"wp-page\" data-elementor-id=\"7224\" class=\"elementor elementor-7224\" data-elementor-post-type=\"page\">\n\t\t\t\t<div class=\"elementor-element elementor-element-ec56c2e e-flex e-con-boxed e-con e-parent \" data-id=\"ec56c2e\" data-element_type=\"container\" data-e-type=\"container\" data-settings=\"{&quot;background_background&quot;:&quot;classic&quot;}\">\t\t\t<div class=\"e-con-inner\">\r\n\t\t\t\t<div class=\"elementor-element elementor-element-bb0528b elementor-widget elementor-widget-pxl_text_editor\" data-id=\"bb0528b\" data-element_type=\"widget\" data-e-type=\"widget\" data-widget_type=\"pxl_text_editor.default\">\n\t\t\t\t<div class=\"elementor-widget-container\">\n\t\t\t\t\t<div id=\"pxl_text_editor-bb0528b-8505\" class=\"pxl-image-wg\" duration=\"1\">\n\t<div class=\"pxl-text-editor\">\n\t\t<div class=\"pxl-item--inner \" data-wow-delay=\"ms\">\n\t\t\t<p><strong style=\"color: #ffa500\">DenMaks Design<\/strong><strong> <b style=\"color: white\">pakalpojumi<\/b><\/strong><\/p>\t\t\n\t\t<\/div>\n\t<\/div>\n<\/div>\t\t\t\t<\/div>\n\t\t\t\t<\/div>\n\t\t\t\t\t<\/div>\r\n\t\t\t\t<\/div>\r\n\t\t        <section class=\"elementor-section elementor-top-section elementor-element elementor-element-a05c971 elementor-section-stretched elementor-section-boxed elementor-section-height-default elementor-section-height-default pxl-row-scroll-none pxl-bg-color-none pxl-section-overlay-none\" data-id=\"a05c971\" data-element_type=\"section\" data-e-type=\"section\" data-settings=\"{&quot;stretch_section&quot;:&quot;section-stretched&quot;,&quot;background_background&quot;:&quot;classic&quot;}\">\n\n                \n                <div class=\"elementor-container elementor-column-gap-extended \">\n                <div class=\"elementor-column elementor-col-100 elementor-top-column elementor-element elementor-element-3cb3de3 pxl-column-none pxl-column-overflow-hidden-no\" data-id=\"3cb3de3\" data-element_type=\"column\" data-e-type=\"column\">\r\n        <div class=\"elementor-widget-wrap elementor-element-populated\">\r\n                     \r\n        \t\t<div class=\"elementor-element elementor-element-28339ba elementor-widget elementor-widget-pxl_heading\" data-id=\"28339ba\" data-element_type=\"widget\" data-e-type=\"widget\" data-widget_type=\"pxl_heading.default\">\n\t\t\t\t<div class=\"elementor-widget-container\">\n\t\t\t\t\t<div id=\"pxl-pxl_heading-28339ba-6303\" class=\"pxl-heading px-sub-title-default-style\">\n\t<div class=\"pxl-heading--inner\">\n\t\t\n\t\t\n\t\t<h3 class=\"pxl-item--title \" data-wow-delay=\"ms\">\n\t\t\t\t\t\n\t\t<\/h3>\n\n\t\t\n\t\t\n\t\t\t\t\n\t<\/div>\n<\/div>\t\t\t\t<\/div>\n\t\t\t\t<\/div>\n\t\t\t\t<div class=\"elementor-element elementor-element-de4e5a8 pxl-post-layout-service-1 elementor-widget elementor-widget-pxl_post_grid\" data-id=\"de4e5a8\" data-element_type=\"widget\" data-e-type=\"widget\" data-widget_type=\"pxl_post_grid.default\">\n\t\t\t\t<div class=\"elementor-widget-container\">\n\t\t\t\t\t\n<div id=\"pxl_post_grid-de4e5a8-6152\" class=\"pxl-grid pxl-service-grid pxl-service-layout1\" data-layout=\"masonry\" data-start-page=\"1\" data-max-pages=\"1\" data-total=\"4\" data-perpage=\"4\" data-next-link=\"\">\n    \n    <div class=\"pxl-grid-inner pxl-grid-masonry row\" data-gutter=\"15\">\n                    <div class=\"pxl-grid-item col-xl-12 col-lg-12 col-md-12 col-sm-12 col-12 \">\n                <div class=\"pxl-item--inner pxl-not-active wow fadeInUp\" data-wow-duration=\"1.2s\">\n                    <div class=\"pxl-item--image hover-imge-effect3\">\n                                                    <div class=\"bg-image\" style=\"--pg-background-image: url('https:\/\/denmaks.lv\/wp-content\/uploads\/2024\/03\/12345.png');\">\n                                <a href=\"https:\/\/denmaks.lv\/ru\/service\/nostiepjamie-auduma-griesti\/\">\n                                    <img fetchpriority=\"high\" decoding=\"async\" class=\"no-lazyload \" src=\"https:\/\/denmaks.lv\/wp-content\/uploads\/2024\/03\/12345-700x467.png\" width=\"700\" height=\"467\" alt=\"12345\" title=\"12345\" \/>                                <\/a>\n                            <\/div>\n                                            <\/div>\n                    <div class=\"pxl-item--holder\">\n                                                                            <div class=\"pxl-item--icon\">\n                                <img decoding=\"async\" width=\"385\" height=\"114\" src=\"https:\/\/denmaks.lv\/wp-content\/uploads\/2025\/03\/ico2-removebg-preview.png\" class=\"attachment-full\" alt=\"\" srcset=\"https:\/\/denmaks.lv\/wp-content\/uploads\/2025\/03\/ico2-removebg-preview.png 385w, https:\/\/denmaks.lv\/wp-content\/uploads\/2025\/03\/ico2-removebg-preview-300x89.png 300w, https:\/\/denmaks.lv\/wp-content\/uploads\/2025\/03\/ico2-removebg-preview-18x5.png 18w\" sizes=\"(max-width: 385px) 100vw, 385px\" \/>                            <\/div>\n                                                \n                        <h3 class=\"pxl-item--title\">\n                            <a href=\"https:\/\/denmaks.lv\/ru\/service\/nostiepjamie-auduma-griesti\/\">Nostiepjamie auduma griesti \u2013 elegants un funkcion\u0101ls risin\u0101jums<\/a>\n                        <\/h3>\n                                                    <div class=\"pxl-item--content\">\n                                Nostiepjamie audumu griesti ir moderna un est\u0113tiska alternat\u012bva tradicion\u0101lajiem griestu segumiem. Tie apvieno izsmalcin\u0101tu dizainu ar praktiskiem risin\u0101jumiem, nodro\u0161inot nevainojamu izskatu un ilgm\u016b\u017e\u012bbu jebkur\u0101 telp\u0101.                            <\/div>\n                                                                            <div class=\"pxl-item--readmore\">\n                                <a href=\"https:\/\/denmaks.lv\/ru\/service\/nostiepjamie-auduma-griesti\/\">\n                                    <span class=\"pxl-mr-15\">View more<\/span>\n                                    <i class=\"flaticon-right\"><\/i>\n                                <\/a>\n                            <\/div>\n                                            <\/div>\n                <\/div>\n            <\/div>\n                    <div class=\"pxl-grid-item col-xl-12 col-lg-12 col-md-12 col-sm-12 col-12 \">\n                <div class=\"pxl-item--inner pxl-not-active wow fadeInUp\" data-wow-duration=\"1.2s\">\n                    <div class=\"pxl-item--image hover-imge-effect3\">\n                                                    <div class=\"bg-image\" style=\"--pg-background-image: url('https:\/\/denmaks.lv\/wp-content\/uploads\/2025\/02\/inovativie_auduma_pvc_stieptie_griesti_profili_projektesana_uzstadisana.png');\">\n                                <a href=\"https:\/\/denmaks.lv\/ru\/service\/pvc-griesti\/\">\n                                    <img decoding=\"async\" class=\"no-lazyload \" src=\"https:\/\/denmaks.lv\/wp-content\/uploads\/2025\/02\/inovativie_auduma_pvc_stieptie_griesti_profili_projektesana_uzstadisana-700x467.png\" width=\"700\" height=\"467\" alt=\"inovativie_auduma_pvc_stieptie_griesti_profili_projektesana_uzstadisana\" title=\"inovativie_auduma_pvc_stieptie_griesti_profili_projektesana_uzstadisana\" \/>                                <\/a>\n                            <\/div>\n                                            <\/div>\n                    <div class=\"pxl-item--holder\">\n                                                                            <div class=\"pxl-item--icon\">\n                                <img loading=\"lazy\" decoding=\"async\" width=\"385\" height=\"120\" src=\"https:\/\/denmaks.lv\/wp-content\/uploads\/2025\/03\/ico3-removebg-preview.png\" class=\"attachment-full\" alt=\"\" srcset=\"https:\/\/denmaks.lv\/wp-content\/uploads\/2025\/03\/ico3-removebg-preview.png 385w, https:\/\/denmaks.lv\/wp-content\/uploads\/2025\/03\/ico3-removebg-preview-300x94.png 300w, https:\/\/denmaks.lv\/wp-content\/uploads\/2025\/03\/ico3-removebg-preview-18x6.png 18w\" sizes=\"(max-width: 385px) 100vw, 385px\" \/>                            <\/div>\n                                                \n                        <h3 class=\"pxl-item--title\">\n                            <a href=\"https:\/\/denmaks.lv\/ru\/service\/pvc-griesti\/\">PVC griesti \u2013 stil\u012bgs un risin\u0101jums jebkurai telpai<\/a>\n                        <\/h3>\n                                                    <div class=\"pxl-item--content\">\n                                PVC griesti ir moderns un daudzpus\u012bgs risin\u0101jums, kas apvieno elegantu dizainu, iztur\u012bbu un \u0113rtu kop\u0161anu. Pateicoties inovat\u012bvaj\u0101m tehnolo\u0123ij\u0101m, tie nodro\u0161ina est\u0113tiski pievilc\u012bgu un funkcion\u0101lu griestu&hellip;                            <\/div>\n                                                                            <div class=\"pxl-item--readmore\">\n                                <a href=\"https:\/\/denmaks.lv\/ru\/service\/pvc-griesti\/\">\n                                    <span class=\"pxl-mr-15\">View more<\/span>\n                                    <i class=\"flaticon-right\"><\/i>\n                                <\/a>\n                            <\/div>\n                                            <\/div>\n                <\/div>\n            <\/div>\n                    <div class=\"pxl-grid-item col-xl-12 col-lg-12 col-md-12 col-sm-12 col-12 \">\n                <div class=\"pxl-item--inner pxl-not-active wow fadeInUp\" data-wow-duration=\"1.2s\">\n                    <div class=\"pxl-item--image hover-imge-effect3\">\n                                                    <div class=\"bg-image\" style=\"--pg-background-image: url('https:\/\/denmaks.lv\/wp-content\/uploads\/2025\/02\/audumu-sienas-moderni-dizaina-risinajumi.png');\">\n                                <a href=\"https:\/\/denmaks.lv\/ru\/service\/auduma-sienas\/\">\n                                    <img loading=\"lazy\" decoding=\"async\" class=\"no-lazyload \" src=\"https:\/\/denmaks.lv\/wp-content\/uploads\/2025\/02\/audumu-sienas-moderni-dizaina-risinajumi-700x467.png\" width=\"700\" height=\"467\" alt=\"audumu-sienas-moderni-dizaina-risinajumi\" title=\"audumu-sienas-moderni-dizaina-risinajumi\" \/>                                <\/a>\n                            <\/div>\n                                            <\/div>\n                    <div class=\"pxl-item--holder\">\n                                                                            <div class=\"pxl-item--icon\">\n                                <img decoding=\"async\" width=\"385\" height=\"114\" src=\"https:\/\/denmaks.lv\/wp-content\/uploads\/2025\/03\/ico2-removebg-preview.png\" class=\"attachment-full\" alt=\"\" srcset=\"https:\/\/denmaks.lv\/wp-content\/uploads\/2025\/03\/ico2-removebg-preview.png 385w, https:\/\/denmaks.lv\/wp-content\/uploads\/2025\/03\/ico2-removebg-preview-300x89.png 300w, https:\/\/denmaks.lv\/wp-content\/uploads\/2025\/03\/ico2-removebg-preview-18x5.png 18w\" sizes=\"(max-width: 385px) 100vw, 385px\" \/>                            <\/div>\n                                                \n                        <h3 class=\"pxl-item--title\">\n                            <a href=\"https:\/\/denmaks.lv\/ru\/service\/auduma-sienas\/\">Auduma sienas \u2013 izsmalcin\u0101ts un \u0113rts interjera risin\u0101jums<\/a>\n                        <\/h3>\n                                                    <div class=\"pxl-item--content\">\n                                Audumu sienas ir inovat\u012bvs dizaina elements, kas pie\u0161\u0137ir telpai izsmalcin\u0101tu un harmonisku atmosf\u0113ru. T\u0101s tiek izmantotas gan k\u0101 dekorat\u012bvs elements, gan k\u0101 praktisks risin\u0101jums ska\u0146as&hellip;                            <\/div>\n                                                                            <div class=\"pxl-item--readmore\">\n                                <a href=\"https:\/\/denmaks.lv\/ru\/service\/auduma-sienas\/\">\n                                    <span class=\"pxl-mr-15\">View more<\/span>\n                                    <i class=\"flaticon-right\"><\/i>\n                                <\/a>\n                            <\/div>\n                                            <\/div>\n                <\/div>\n            <\/div>\n                    <div class=\"pxl-grid-item col-xl-12 col-lg-12 col-md-12 col-sm-12 col-12 \">\n                <div class=\"pxl-item--inner pxl-not-active wow fadeInUp\" data-wow-duration=\"1.2s\">\n                    <div class=\"pxl-item--image hover-imge-effect3\">\n                                                    <div class=\"bg-image\" style=\"--pg-background-image: url('https:\/\/denmaks.lv\/wp-content\/uploads\/2025\/03\/photo_2025-03-10_23-50-28.jpg');\">\n                                <a href=\"https:\/\/denmaks.lv\/ru\/service\/dizainera-individualais-apgaismojuma-planojums\/\">\n                                    <img loading=\"lazy\" decoding=\"async\" class=\"no-lazyload \" src=\"https:\/\/denmaks.lv\/wp-content\/uploads\/2025\/03\/photo_2025-03-10_23-50-28-700x467.jpg\" width=\"700\" height=\"467\" alt=\"photo_2025-03-10_23-50-28\" title=\"photo_2025-03-10_23-50-28\" \/>                                <\/a>\n                            <\/div>\n                                            <\/div>\n                    <div class=\"pxl-item--holder\">\n                                                                            <div class=\"pxl-item--icon\">\n                                <img loading=\"lazy\" decoding=\"async\" width=\"385\" height=\"120\" src=\"https:\/\/denmaks.lv\/wp-content\/uploads\/2025\/03\/ico3-removebg-preview.png\" class=\"attachment-full\" alt=\"\" srcset=\"https:\/\/denmaks.lv\/wp-content\/uploads\/2025\/03\/ico3-removebg-preview.png 385w, https:\/\/denmaks.lv\/wp-content\/uploads\/2025\/03\/ico3-removebg-preview-300x94.png 300w, https:\/\/denmaks.lv\/wp-content\/uploads\/2025\/03\/ico3-removebg-preview-18x6.png 18w\" sizes=\"(max-width: 385px) 100vw, 385px\" \/>                            <\/div>\n                                                \n                        <h3 class=\"pxl-item--title\">\n                            <a href=\"https:\/\/denmaks.lv\/ru\/service\/dizainera-individualais-apgaismojuma-planojums\/\">Dizainera individu\u0101lais apgaismojuma pl\u0101nojums<\/a>\n                        <\/h3>\n                                                    <div class=\"pxl-item--content\">\n                                Individu\u0101lais apgaismojuma pl\u0101nojums ir pakalpojums, kas pal\u012bdz rad\u012bt harmonisku, funkcion\u0101lu un est\u0113tiski izsmalcin\u0101tu apgaismojumu J\u016bsu telp\u0101. Profesion\u0101ls dizainers izstr\u0101d\u0101s unik\u0101lu risin\u0101jumu, kas atbilst j\u016bsu v\u0113lm\u0113m,&hellip;                            <\/div>\n                                                                            <div class=\"pxl-item--readmore\">\n                                <a href=\"https:\/\/denmaks.lv\/ru\/service\/dizainera-individualais-apgaismojuma-planojums\/\">\n                                    <span class=\"pxl-mr-15\">View more<\/span>\n                                    <i class=\"flaticon-right\"><\/i>\n                                <\/a>\n                            <\/div>\n                                            <\/div>\n                <\/div>\n            <\/div>\n                <div class=\"grid-sizer col-xl-12 col-lg-12 col-md-12 col-sm-12 col-12\"><\/div>\n    <\/div>\n            <div class=\"pxl-grid-pagination\" data-loadmore=\"{&quot;post_type&quot;:&quot;service&quot;,&quot;layout&quot;:&quot;service-1&quot;,&quot;startPage&quot;:1,&quot;maxPages&quot;:1,&quot;total&quot;:4,&quot;perpage&quot;:4,&quot;nextLink&quot;:&quot;&quot;,&quot;source&quot;:[],&quot;orderby&quot;:&quot;date&quot;,&quot;order&quot;:&quot;asc&quot;,&quot;limit&quot;:4,&quot;post_ids&quot;:[&quot;475&quot;,&quot;476&quot;,&quot;484&quot;,&quot;9985&quot;],&quot;col_xl&quot;:12,&quot;col_lg&quot;:12,&quot;col_md&quot;:12,&quot;col_sm&quot;:12,&quot;col_xs&quot;:12,&quot;pagination_type&quot;:&quot;pagination&quot;,&quot;show_excerpt&quot;:&quot;true&quot;,&quot;show_button&quot;:&quot;true&quot;,&quot;button_text&quot;:&quot;&quot;,&quot;num_words&quot;:25,&quot;img_size&quot;:&quot;&quot;,&quot;grid_masonry&quot;:&quot;&quot;,&quot;pxl_animate&quot;:&quot;wow fadeInUp&quot;,&quot;html_id&quot;:&quot;pxl_post_grid-de4e5a8-6152&quot;,&quot;tax&quot;:[]}\" data-query=\"{&quot;post_type&quot;:&quot;service&quot;,&quot;post_status&quot;:&quot;publish&quot;,&quot;posts_per_page&quot;:4,&quot;order&quot;:&quot;asc&quot;,&quot;orderby&quot;:&quot;date&quot;,&quot;post__in&quot;:[475,476,484,9985]}\">\n                    <\/div>\n        <\/div>\t\t\t\t<\/div>\n\t\t\t\t<\/div>\n\t\t            <\/div>\r\n        <\/div>\r\n        \t\t\t<\/div>\n\t\t<\/section>\n\t\t<div class=\"elementor-element elementor-element-8333418 e-con-full e-flex e-con e-parent \" data-id=\"8333418\" data-element_type=\"container\" data-e-type=\"container\" data-settings=\"{&quot;background_background&quot;:&quot;classic&quot;}\">\t\t<div class=\"elementor-element elementor-element-2250da0 elementor-widget elementor-widget-pxl_text_carousel\" data-id=\"2250da0\" data-element_type=\"widget\" data-e-type=\"widget\" data-widget_type=\"pxl_text_carousel.default\">\n\t\t\t\t<div class=\"elementor-widget-container\">\n\t\t\t\t\t    <div class=\"pxl-text-carousel pxl-text-carousel1 pxl-text-slide1 style1\">\n        <div class=\"pxl-text-slide text-slide-to-left\" style=\"animation-duration:16000ms\">\n                                <div class=\"pxl--item \" data-wow-delay=\"ms\">\n                        <div class=\"pxl-item--text\"><span>Audumu sienas \u2013 Nostiepjamie audumu griesti - PVC griesti<\/span><\/div>\n                    <\/div>\n                                    <\/div>\n        <div class=\"pxl-text-fixed\">\n                                <div class=\"pxl--item \" data-wow-delay=\"ms\">\n                        <div class=\"pxl-item--text\"><span>Audumu sienas \u2013 Nostiepjamie audumu griesti - PVC griesti<\/span><\/div>\n                    <\/div>\n                                    <\/div>\n    <\/div>\n\t\t\t\t<\/div>\n\t\t\t\t<\/div>\n\t\t\t\t<\/div>\r\n\t\t\t\t<\/div>\n\t\t","protected":false},"excerpt":{"rendered":"<p>DenMaks Design pakalpojumi Nostiepjamie auduma griesti \u2013 elegants un funkcion\u0101ls risin\u0101jums Nostiepjamie audumu griesti ir moderna un est\u0113tiska alternat\u012bva tradicion\u0101lajiem griestu segumiem. Tie apvieno izsmalcin\u0101tu dizainu ar praktiskiem risin\u0101jumiem, nodro\u0161inot nevainojamu izskatu un ilgm\u016b\u017e\u012bbu jebkur\u0101 telp\u0101. View more PVC griesti \u2013 stil\u012bgs un risin\u0101jums jebkurai telpai PVC griesti ir moderns un daudzpus\u012bgs risin\u0101jums, kas apvieno [&hellip;]<\/p>\n","protected":false},"author":2,"featured_media":0,"parent":0,"menu_order":0,"comment_status":"closed","ping_status":"closed","template":"","meta":{"footnotes":""},"class_list":["post-7224","page","type-page","status-publish","hentry"],"_links":{"self":[{"href":"https:\/\/denmaks.lv\/ru\/wp-json\/wp\/v2\/pages\/7224","targetHints":{"allow":["GET"]}}],"collection":[{"href":"https:\/\/denmaks.lv\/ru\/wp-json\/wp\/v2\/pages"}],"about":[{"href":"https:\/\/denmaks.lv\/ru\/wp-json\/wp\/v2\/types\/page"}],"author":[{"embeddable":true,"href":"https:\/\/denmaks.lv\/ru\/wp-json\/wp\/v2\/users\/2"}],"replies":[{"embeddable":true,"href":"https:\/\/denmaks.lv\/ru\/wp-json\/wp\/v2\/comments?post=7224"}],"version-history":[{"count":166,"href":"https:\/\/denmaks.lv\/ru\/wp-json\/wp\/v2\/pages\/7224\/revisions"}],"predecessor-version":[{"id":17323,"href":"https:\/\/denmaks.lv\/ru\/wp-json\/wp\/v2\/pages\/7224\/revisions\/17323"}],"wp:attachment":[{"href":"https:\/\/denmaks.lv\/ru\/wp-json\/wp\/v2\/media?parent=7224"}],"curies":[{"name":"wp","href":"https:\/\/api.w.org\/{rel}","templated":true}]}}