{"id":157,"date":"2024-03-13T02:08:35","date_gmt":"2024-03-13T02:08:35","guid":{"rendered":"https:\/\/demo.bravisthemes.com\/americ\/?page_id=157"},"modified":"2025-02-10T13:49:28","modified_gmt":"2025-02-10T13:49:28","slug":"blog-grid","status":"publish","type":"page","link":"https:\/\/denmaks.lv\/ru\/blog-grid\/","title":{"rendered":"\u0421\u0435\u0442\u043a\u0430 \u0434\u043b\u044f \u0431\u043b\u043e\u0433\u0430"},"content":{"rendered":"\t\t<div data-elementor-type=\"wp-page\" data-elementor-id=\"157\" class=\"elementor elementor-157\" data-elementor-post-type=\"page\">\n\t\t\t\t<div class=\"elementor-element elementor-element-f3b7373 e-flex e-con-boxed e-con e-parent \" data-id=\"f3b7373\" data-element_type=\"container\" data-e-type=\"container\">\t\t\t<div class=\"e-con-inner\">\r\n\t\t\t\t<div class=\"elementor-element elementor-element-c1ef3b6 elementor-widget elementor-widget-shortcode\" data-id=\"c1ef3b6\" data-element_type=\"widget\" data-e-type=\"widget\" data-widget_type=\"shortcode.default\">\n\t\t\t\t\t\t\t<div class=\"elementor-shortcode\"><div class=\"everest-forms\"><div class=\"evf-container layout-two\" id=\"evf-6942\"><form id=\"evf-form-6942\" class=\"everest-form\" data-formid=\"6942\" data-ajax_submission=\"0\" data-keyboard_friendly_form=\"0\" data-form_state_type=\"\" method=\"post\" enctype=\"multipart\/form-data\" action=\"\/ru\/wp-json\/wp\/v2\/pages\/157\"><div class=\"evf-field-container\"><input type=\"hidden\" id=\"_wpnonce6942\" name=\"_wpnonce6942\" value=\"c50cb1898a\" \/><input type=\"hidden\" name=\"_wp_http_referer\" value=\"\/ru\/wp-json\/wp\/v2\/pages\/157\" \/><div class=\"evf-frontend-row\" data-row=\"row_4\" conditional_rules=\"[]\"><div class=\"evf-frontend-grid evf-grid-2\" data-grid=\"grid_1\"><div id=\"evf-6942-field_UgCnKtpUNf-25-container\" class=\"evf-field evf-field-first-name form-row validate-required\" data-required-field-message=\"\u0160is lauks ir oblig\u0101ts.\" data-field-id=\"UgCnKtpUNf-25\"><label class=\"evf-field-label\" for=\"evf-6942-field_UgCnKtpUNf-25\"><span class=\"evf-label\">V\u0101rds<\/span> <abbr class=\"required\" title=\"\u041e\u0431\u044f\u0437\u0430\u0442\u0435\u043b\u044c\u043d\u043e\">*<\/abbr><\/label><input type=\"text\" id=\"evf-6942-field_UgCnKtpUNf-25\" class=\"input-text\" name=\"everest_forms[form_fields][UgCnKtpUNf-25]\" required><\/div><\/div><div class=\"evf-frontend-grid evf-grid-2\" data-grid=\"grid_2\"><div id=\"evf-6942-field_4ffaxI255E-26-container\" class=\"evf-field evf-field-last-name form-row validate-required\" data-required-field-message=\"\u0160is lauks ir oblig\u0101ts.\" data-field-id=\"4ffaxI255E-26\"><label class=\"evf-field-label\" for=\"evf-6942-field_4ffaxI255E-26\"><span class=\"evf-label\">Uzv\u0101rds<\/span> <abbr class=\"required\" title=\"\u041e\u0431\u044f\u0437\u0430\u0442\u0435\u043b\u044c\u043d\u043e\">*<\/abbr><\/label><input type=\"text\" id=\"evf-6942-field_4ffaxI255E-26\" class=\"input-text\" name=\"everest_forms[form_fields][4ffaxI255E-26]\" required><\/div><\/div><\/div><div class=\"evf-frontend-row\" data-row=\"row_5\" conditional_rules=\"[]\"><div class=\"evf-frontend-grid evf-grid-2\" data-grid=\"grid_1\"><div id=\"evf-6942-field_QET7wyr7kk-21-container\" class=\"evf-field evf-field-email form-row validate-required validate-email\" data-required-field-message=\"\u0160is lauks ir oblig\u0101ts.\" data-field-id=\"QET7wyr7kk-21\"><label class=\"evf-field-label\" for=\"evf-6942-field_QET7wyr7kk-21\"><span class=\"evf-label\">E-pasts<\/span> <abbr class=\"required\" title=\"\u041e\u0431\u044f\u0437\u0430\u0442\u0435\u043b\u044c\u043d\u043e\">*<\/abbr><\/label><input type=\"email\" id=\"evf-6942-field_QET7wyr7kk-21\" class=\"input-text\" name=\"everest_forms[form_fields][QET7wyr7kk-21]\" required ><\/div><\/div><div class=\"evf-frontend-grid evf-grid-2\" data-grid=\"grid_2\"><div id=\"evf-6942-field_MSRmGnZHJ1-35-container\" class=\"evf-field evf-field-phone form-row validate-required validate-phone\" data-required-field-message=\"\u0160is lauks ir oblig\u0101ts.\" data-field-id=\"MSRmGnZHJ1-35\"><label class=\"evf-field-label\" for=\"evf-6942-field_MSRmGnZHJ1-35\"><span class=\"evf-label\">Telefons<\/span> <abbr class=\"required\" title=\"\u041e\u0431\u044f\u0437\u0430\u0442\u0435\u043b\u044c\u043d\u043e\">*<\/abbr><\/label><input type=\"tel\" id=\"evf-6942-field_MSRmGnZHJ1-35\" class=\"input-text evf-masked-input\" data-rule-phone-field=\"true\" data-inputmask-mask=\"999 99999999\" name=\"everest_forms[form_fields][MSRmGnZHJ1-35]\" required><\/div><\/div><\/div><div class=\"evf-frontend-row\" data-row=\"row_2\" conditional_rules=\"[]\"><div class=\"evf-frontend-grid evf-grid-1\" data-grid=\"grid_1\"><div id=\"evf-6942-field_uMCBMDIqKK-27-container\" class=\"evf-field evf-field-textarea form-row validate-required\" data-required-field-message=\"\u0160is lauks ir oblig\u0101ts.\" data-field-id=\"uMCBMDIqKK-27\"><label class=\"evf-field-label\" for=\"evf-6942-field_uMCBMDIqKK-27\"><span class=\"evf-label\">Zi\u0146a<\/span> <abbr class=\"required\" title=\"\u041e\u0431\u044f\u0437\u0430\u0442\u0435\u043b\u044c\u043d\u043e\">*<\/abbr><\/label><textarea id=\"evf-6942-field_uMCBMDIqKK-27\" class=\"input-text\" name=\"everest_forms[form_fields][uMCBMDIqKK-27]\" required ><\/textarea><\/div><div id=\"evf-6942-field_8mS7562qiB-32-container\" class=\"evf-field evf-field-recaptcha form-row\" data-field-id=\"8mS7562qiB-32\"><label class=\"evf-field-label\" for=\"evf-6942-field_8mS7562qiB-32\"><span class=\"evf-label\">reCaptcha<\/span> <\/label><\/div><div id=\"evf-6942-field_MxEYfM5Z7c-31-container\" class=\"evf-field evf-field-privacy-policy form-row privacybox validate-required\" data-required-field-message=\"\u0160is lauks ir oblig\u0101ts.\" data-field-id=\"MxEYfM5Z7c-31\"><label class=\"evf-field-label\" for=\"evf-6942-field_MxEYfM5Z7c-31\"><span class=\"evf-label\">Konfidencialit\u0101tes politika<\/span> <abbr class=\"required\" title=\"\u041e\u0431\u044f\u0437\u0430\u0442\u0435\u043b\u044c\u043d\u043e\">*<\/abbr><\/label><input type=\"checkbox\" value=\"Esmu izlas\u012bjis un piekr\u012btu [Konfidencialit\u0101tes politikai.](https:\/\/denmaks.lv\/privacy-policy\/)\" id=\"evf-6942-field_MxEYfM5Z7c-31\" class=\"input-text\" name=\"everest_forms[form_fields][MxEYfM5Z7c-31]\" required \/><label class=\"evf-privacy-policy-consent-message\" for=\"evf-6942-field_MxEYfM5Z7c-31\">Esmu izlas\u012bjis un piekr\u012btu <a data-page-id=\"\" target=\"_blank\" rel=\"noopener noreferrer nofollow\" href=\"https:\/\/denmaks.lv\/privacy-policy\/\" class=\"\">Konfidencialit\u0101tes politikai.<\/a><\/label><div class=\"evf-privacy-policy-local-page-contents\"><\/div><\/div><div id=\"evf-6942-field_OQ0Cq5Ve0I-30-container\" class=\"evf-field evf-field-title form-row object-info\" data-field-id=\"OQ0Cq5Ve0I-30\"><h3 id=\"evf-6942-field_OQ0Cq5Ve0I-30\" class=\"input-text\" name=\"everest_forms[form_fields][OQ0Cq5Ve0I-30]\">Aizpildiet inform\u0101ciju par objektu<\/h3><\/div><div id=\"evf-6942-field_NHbFcYrSNq-12-container\" class=\"evf-field evf-field-file-upload form-row\" data-field-id=\"NHbFcYrSNq-12\"><label class=\"evf-field-label\" for=\"evf-6942-field_NHbFcYrSNq-12\"><span class=\"evf-label\">Objekta pl\u0101ns ar izm\u0113riem<\/span> <\/label>\t\t<div class=\"everest-forms-uploader\"\n\t\t\tdata-field-id=\"NHbFcYrSNq-12\"\n\t\t\tdata-form-id=\"6942\"\n\t\t\tdata-input-name=\"everest_forms_6942_NHbFcYrSNq-12\"\n\t\t\tdata-extensions=\"jpg,jpeg,jpe,gif,png,bmp,tiff,tif,webp,avif,ico,heic,heif,heics,heifs,asf,asx,wmv,wmx,wm,avi,divx,mov,qt,mpeg,mpg,mpe,mp4,m4v,ogv,webm,mkv,3gp,3gpp,3g2,3gp2,txt,asc,c,cc,h,srt,csv,tsv,ics,rtx,css,html,vtt,dfxp,mp3,m4a,m4b,aac,ra,ram,wav,x-wav,ogg,oga,flac,mid,midi,wma,wax,mka,rtf,pdf,class,tar,zip,gz,gzip,rar,7z,psd,xcf,doc,pot,pps,ppt,wri,xla,xls,xlt,xlw,mpp,docx,docm,dotx,dotm,xlsx,xlsm,xlsb,xltx,xltm,xlam,pptx,pptm,ppsx,ppsm,potx,potm,ppam,sldx,sldm,onetoc,onetoc2,onetmp,onepkg,oxps,xps,odt,odp,ods,odg,odc,odb,odf,wp,wpd,key,numbers,pages\"\n\t\t\tdata-max-size=\"6442450944\"\n\t\t\tdata-max-file-number=\"1\"\n\t\t\tdata-post-max-size=\"6442450944\"\n\t\t\tdata-current-file-count=\"0\"\n\t\t\t>\n\t\t\t<div class=\"dz-message\">\n\t\t\t\t<svg xmlns=\"http:\/\/www.w3.org\/2000\/svg\" viewBox=\"0 0 32 32\" width=\"32px\" height=\"32px\" fill=\"#868e96\"><path class=\"cls-1\" d=\"M18.12,17.52,17,16.4V25a1,1,0,0,1-2,0V16.4l-1.12,1.12a1,1,0,0,1-1.42,0,1,1,0,0,1,0-1.41l2.83-2.83a1,1,0,0,1,1.42,0l2.83,2.83a1,1,0,0,1-.71,1.7A1,1,0,0,1,18.12,17.52ZM22,22H20a1,1,0,0,1,0-2h2a4,4,0,0,0,.27-8,1,1,0,0,1-.84-.57,6,6,0,0,0-11.36,1.69,1,1,0,0,1-1,.86H9A3,3,0,0,0,9,20h3a1,1,0,0,1,0,2H9a5,5,0,0,1-.75-9.94A8,8,0,0,1,23,10.1,6,6,0,0,1,22,22Z\"\/><\/svg>\n\t\t\t\t<span class=\"everest-forms-upload-title\">\n\t\t\t\t\tUzmetiet failu \u0161eit vai noklik\u0161\u0137iniet \u0161eit, lai aug\u0161upiel\u0101d\u0113tu\t\t\t\t<\/span>\n\n\t\t\t\t\t\t\t\t\t<span class=\"everest-forms-upload-hint\">\n\t\t\t\t\t\tVarat aug\u0161upiel\u0101d\u0113t l\u012bdz 1 failam.\t\t\t\t\t<\/span>\n\t\t\t\t\t\t\t<\/div>\n\t\t\t\t\t<\/div>\n\t\t<input type=\"text\" class=\"dropzone-input input-text\" id=\"everest-forms-6942-field_NHbFcYrSNq-12\" name=\"everest_forms_6942_NHbFcYrSNq-12\"  conditional_id=\"\" conditional_rules=''>\n\t\t<\/div><div id=\"evf-6942-field_QVXrJ6MSeP-13-container\" class=\"evf-field evf-field-text form-row\" data-field-id=\"QVXrJ6MSeP-13\"><label class=\"evf-field-label\" for=\"evf-6942-field_QVXrJ6MSeP-13\"><span class=\"evf-label\">Objekta atra\u0161an\u0101s vieta<\/span> <\/label><input type=\"text\" id=\"evf-6942-field_QVXrJ6MSeP-13\" class=\"input-text\" name=\"everest_forms[form_fields][QVXrJ6MSeP-13]\" ><\/div><div id=\"evf-6942-field_YPdP4uTc7x-14-container\" class=\"evf-field evf-field-checkbox form-row everest-forms-list-2-columns\" data-field-id=\"YPdP4uTc7x-14\"><label class=\"evf-field-label\" for=\"evf-6942-field_YPdP4uTc7x-14\"><span class=\"evf-label\">V\u0113lamais griestu materi\u0101ls<\/span> <\/label><ul id=\"evf-6942-field_YPdP4uTc7x-14\" data-choice-limit=\"2\"><li class=\"choice-1 depth-1\"><input type=\"checkbox\" id=\"evf-6942-field_YPdP4uTc7x-14_1\" class=\"input-text\" data-rule-check-limit=\"true\" name=\"everest_forms[form_fields][YPdP4uTc7x-14][]\" value=\"Audums\"  ><label class=\"everest-forms-field-label-inline\" for=\"evf-6942-field_YPdP4uTc7x-14_1\">Audums<\/label><\/li><li class=\"choice-2 depth-1\"><input type=\"checkbox\" id=\"evf-6942-field_YPdP4uTc7x-14_2\" class=\"input-text\" data-rule-check-limit=\"true\" name=\"everest_forms[form_fields][YPdP4uTc7x-14][]\" value=\"PVC\"  ><label class=\"everest-forms-field-label-inline\" for=\"evf-6942-field_YPdP4uTc7x-14_2\">PVC<\/label><\/li><\/ul><\/div><div id=\"evf-6942-field_dYK0RVt89L-15-container\" class=\"evf-field evf-field-checkbox form-row everest-forms-list-2-columns\" data-field-id=\"dYK0RVt89L-15\"><label class=\"evf-field-label\" for=\"evf-6942-field_dYK0RVt89L-15\"><span class=\"evf-label\">V\u0113lamie profili<\/span> <\/label><ul id=\"evf-6942-field_dYK0RVt89L-15\" data-choice-limit=\"4\"><li class=\"choice-1 depth-1\"><input type=\"checkbox\" id=\"evf-6942-field_dYK0RVt89L-15_1\" class=\"input-text\" data-rule-check-limit=\"true\" name=\"everest_forms[form_fields][dYK0RVt89L-15][]\" value=\"\u0112nas profili\"  ><label class=\"everest-forms-field-label-inline\" for=\"evf-6942-field_dYK0RVt89L-15_1\">\u0112nas profili<\/label><\/li><li class=\"choice-2 depth-1\"><input type=\"checkbox\" id=\"evf-6942-field_dYK0RVt89L-15_2\" class=\"input-text\" data-rule-check-limit=\"true\" name=\"everest_forms[form_fields][dYK0RVt89L-15][]\" value=\"Apgaismes profili\"  ><label class=\"everest-forms-field-label-inline\" for=\"evf-6942-field_dYK0RVt89L-15_2\">Apgaismes profili<\/label><\/li><li class=\"choice-5 depth-1\"><input type=\"checkbox\" id=\"evf-6942-field_dYK0RVt89L-15_5\" class=\"input-text\" data-rule-check-limit=\"true\" name=\"everest_forms[form_fields][dYK0RVt89L-15][]\" value=\"Alum\u012bnija profili\"  ><label class=\"everest-forms-field-label-inline\" for=\"evf-6942-field_dYK0RVt89L-15_5\">Alum\u012bnija profili<\/label><\/li><li class=\"choice-6 depth-1\"><input type=\"checkbox\" id=\"evf-6942-field_dYK0RVt89L-15_6\" class=\"input-text\" data-rule-check-limit=\"true\" name=\"everest_forms[form_fields][dYK0RVt89L-15][]\" value=\"PVC profili\"  ><label class=\"everest-forms-field-label-inline\" for=\"evf-6942-field_dYK0RVt89L-15_6\">PVC profili<\/label><\/li><\/ul><\/div><div id=\"evf-6942-field_JM81uAnIEM-16-container\" class=\"evf-field evf-field-checkbox form-row everest-forms-list-2-columns\" data-field-id=\"JM81uAnIEM-16\"><label class=\"evf-field-label\" for=\"evf-6942-field_JM81uAnIEM-16\"><span class=\"evf-label\">Apgaismojums<\/span> <\/label><ul id=\"evf-6942-field_JM81uAnIEM-16\" data-choice-limit=\"8\"><li class=\"choice-1 depth-1\"><input type=\"checkbox\" id=\"evf-6942-field_JM81uAnIEM-16_1\" class=\"input-text\" data-rule-check-limit=\"true\" name=\"everest_forms[form_fields][JM81uAnIEM-16][]\" value=\"Line\u0101rais (treki)\"  ><label class=\"everest-forms-field-label-inline\" for=\"evf-6942-field_JM81uAnIEM-16_1\">Line\u0101rais (treki)<\/label><\/li><li class=\"choice-2 depth-1\"><input type=\"checkbox\" id=\"evf-6942-field_JM81uAnIEM-16_2\" class=\"input-text\" data-rule-check-limit=\"true\" name=\"everest_forms[form_fields][JM81uAnIEM-16][]\" value=\"LED l\u012bnijas\"  ><label class=\"everest-forms-field-label-inline\" for=\"evf-6942-field_JM81uAnIEM-16_2\">LED l\u012bnijas<\/label><\/li><li class=\"choice-5 depth-1\"><input type=\"checkbox\" id=\"evf-6942-field_JM81uAnIEM-16_5\" class=\"input-text\" data-rule-check-limit=\"true\" name=\"everest_forms[form_fields][JM81uAnIEM-16][]\" value=\"Gaismas ni\u0161as\"  ><label class=\"everest-forms-field-label-inline\" for=\"evf-6942-field_JM81uAnIEM-16_5\">Gaismas ni\u0161as<\/label><\/li><li class=\"choice-6 depth-1\"><input type=\"checkbox\" id=\"evf-6942-field_JM81uAnIEM-16_6\" class=\"input-text\" data-rule-check-limit=\"true\" name=\"everest_forms[form_fields][JM81uAnIEM-16][]\" value=\"Gaismek\u013ci ar tros\u0113m\"  ><label class=\"everest-forms-field-label-inline\" for=\"evf-6942-field_JM81uAnIEM-16_6\">Gaismek\u013ci ar tros\u0113m<\/label><\/li><li class=\"choice-9 depth-1\"><input type=\"checkbox\" id=\"evf-6942-field_JM81uAnIEM-16_9\" class=\"input-text\" data-rule-check-limit=\"true\" name=\"everest_forms[form_fields][JM81uAnIEM-16][]\" value=\"Virsapmetuma (ieb\u016bv\u0113jamie)\"  ><label class=\"everest-forms-field-label-inline\" for=\"evf-6942-field_JM81uAnIEM-16_9\">Virsapmetuma (ieb\u016bv\u0113jamie)<\/label><\/li><li class=\"choice-7 depth-1\"><input type=\"checkbox\" id=\"evf-6942-field_JM81uAnIEM-16_7\" class=\"input-text\" data-rule-check-limit=\"true\" name=\"everest_forms[form_fields][JM81uAnIEM-16][]\" value=\"Lustras tipa gaismek\u013ci virs 5 kg\"  ><label class=\"everest-forms-field-label-inline\" for=\"evf-6942-field_JM81uAnIEM-16_7\">Lustras tipa gaismek\u013ci virs 5 kg<\/label><\/li><\/ul><\/div><div id=\"evf-6942-field_eTUQSniWQR-17-container\" class=\"evf-field evf-field-checkbox form-row everest-forms-list-2-columns\" data-field-id=\"eTUQSniWQR-17\"><label class=\"evf-field-label\" for=\"evf-6942-field_eTUQSniWQR-17\"><span class=\"evf-label\">Telpu sienu materi\u0101ls<\/span> <\/label><ul id=\"evf-6942-field_eTUQSniWQR-17\" data-choice-limit=\"4\"><li class=\"choice-1 depth-1\"><input type=\"checkbox\" id=\"evf-6942-field_eTUQSniWQR-17_1\" class=\"input-text\" data-rule-check-limit=\"true\" name=\"everest_forms[form_fields][eTUQSniWQR-17][]\" value=\"Betons\"  ><label class=\"everest-forms-field-label-inline\" for=\"evf-6942-field_eTUQSniWQR-17_1\">Betons<\/label><\/li><li class=\"choice-2 depth-1\"><input type=\"checkbox\" id=\"evf-6942-field_eTUQSniWQR-17_2\" class=\"input-text\" data-rule-check-limit=\"true\" name=\"everest_forms[form_fields][eTUQSniWQR-17][]\" value=\"Re\u0123ipsis\"  ><label class=\"everest-forms-field-label-inline\" for=\"evf-6942-field_eTUQSniWQR-17_2\">Re\u0123ipsis<\/label><\/li><li class=\"choice-5 depth-1\"><input type=\"checkbox\" id=\"evf-6942-field_eTUQSniWQR-17_5\" class=\"input-text\" data-rule-check-limit=\"true\" name=\"everest_forms[form_fields][eTUQSniWQR-17][]\" value=\"MDF\"  ><label class=\"everest-forms-field-label-inline\" for=\"evf-6942-field_eTUQSniWQR-17_5\">MDF<\/label><\/li><li class=\"choice-6 depth-1\"><input type=\"checkbox\" id=\"evf-6942-field_eTUQSniWQR-17_6\" class=\"input-text\" data-rule-check-limit=\"true\" name=\"everest_forms[form_fields][eTUQSniWQR-17][]\" value=\"Cits\"  ><label class=\"everest-forms-field-label-inline\" for=\"evf-6942-field_eTUQSniWQR-17_6\">Cits<\/label><\/li><\/ul><\/div><div id=\"evf-6942-field_5QLkzksQdQ-18-container\" class=\"evf-field evf-field-checkbox form-row everest-forms-list-2-columns\" data-field-id=\"5QLkzksQdQ-18\"><label class=\"evf-field-label\" for=\"evf-6942-field_5QLkzksQdQ-18\"><span class=\"evf-label\">Telpas specifika<\/span> <\/label><ul id=\"evf-6942-field_5QLkzksQdQ-18\" data-choice-limit=\"6\"><li class=\"choice-1 depth-1\"><input type=\"checkbox\" id=\"evf-6942-field_5QLkzksQdQ-18_1\" class=\"input-text\" data-rule-check-limit=\"true\" name=\"everest_forms[form_fields][5QLkzksQdQ-18][]\" value=\"Griestu augstums virs 3 metriem\"  ><label class=\"everest-forms-field-label-inline\" for=\"evf-6942-field_5QLkzksQdQ-18_1\">Griestu augstums virs 3 metriem<\/label><\/li><li class=\"choice-2 depth-1\"><input type=\"checkbox\" id=\"evf-6942-field_5QLkzksQdQ-18_2\" class=\"input-text\" data-rule-check-limit=\"true\" name=\"everest_forms[form_fields][5QLkzksQdQ-18][]\" value=\"Radi\u0101l\u0101s sienas\"  ><label class=\"everest-forms-field-label-inline\" for=\"evf-6942-field_5QLkzksQdQ-18_2\">Radi\u0101l\u0101s sienas<\/label><\/li><li class=\"choice-5 depth-1\"><input type=\"checkbox\" id=\"evf-6942-field_5QLkzksQdQ-18_5\" class=\"input-text\" data-rule-check-limit=\"true\" name=\"everest_forms[form_fields][5QLkzksQdQ-18][]\" value=\"Mansards\"  ><label class=\"everest-forms-field-label-inline\" for=\"evf-6942-field_5QLkzksQdQ-18_5\">Mansards<\/label><\/li><li class=\"choice-6 depth-1\"><input type=\"checkbox\" id=\"evf-6942-field_5QLkzksQdQ-18_6\" class=\"input-text\" data-rule-check-limit=\"true\" name=\"everest_forms[form_fields][5QLkzksQdQ-18][]\" value=\"Starpst\u0101vi\"  ><label class=\"everest-forms-field-label-inline\" for=\"evf-6942-field_5QLkzksQdQ-18_6\">Starpst\u0101vi<\/label><\/li><li class=\"choice-12 depth-1\"><input type=\"checkbox\" id=\"evf-6942-field_5QLkzksQdQ-18_12\" class=\"input-text\" data-rule-check-limit=\"true\" name=\"everest_forms[form_fields][5QLkzksQdQ-18][]\" value=\"Kolonnas\"  ><label class=\"everest-forms-field-label-inline\" for=\"evf-6942-field_5QLkzksQdQ-18_12\">Kolonnas<\/label><\/li><li class=\"choice-13 depth-1\"><input type=\"checkbox\" id=\"evf-6942-field_5QLkzksQdQ-18_13\" class=\"input-text\" data-rule-check-limit=\"true\" name=\"everest_forms[form_fields][5QLkzksQdQ-18][]\" value=\"Citi\"  ><label class=\"everest-forms-field-label-inline\" for=\"evf-6942-field_5QLkzksQdQ-18_13\">Citi<\/label><\/li><\/ul><\/div><div id=\"evf-6942-field_T3rUMsujhB-19-container\" class=\"evf-field evf-field-checkbox form-row everest-forms-list-2-columns\" data-field-id=\"T3rUMsujhB-19\"><label class=\"evf-field-label\" for=\"evf-6942-field_T3rUMsujhB-19\"><span class=\"evf-label\">Cita inform\u0101cija<\/span> <\/label><ul id=\"evf-6942-field_T3rUMsujhB-19\" data-choice-limit=\"3\"><li class=\"choice-1 depth-1\"><input type=\"checkbox\" id=\"evf-6942-field_T3rUMsujhB-19_1\" class=\"input-text\" data-rule-check-limit=\"true\" name=\"everest_forms[form_fields][T3rUMsujhB-19][]\" value=\"M\u0113beles objekt\u0101\"  ><label class=\"everest-forms-field-label-inline\" for=\"evf-6942-field_T3rUMsujhB-19_1\">M\u0113beles objekt\u0101<\/label><\/li><li class=\"choice-2 depth-1\"><input type=\"checkbox\" id=\"evf-6942-field_T3rUMsujhB-19_2\" class=\"input-text\" data-rule-check-limit=\"true\" name=\"everest_forms[form_fields][T3rUMsujhB-19][]\" value=\"Skapji, kas j\u0101integr\u0113 griestos\"  ><label class=\"everest-forms-field-label-inline\" for=\"evf-6942-field_T3rUMsujhB-19_2\">Skapji, kas j\u0101integr\u0113 griestos<\/label><\/li><li class=\"choice-12 depth-1\"><input type=\"checkbox\" id=\"evf-6942-field_T3rUMsujhB-19_12\" class=\"input-text\" data-rule-check-limit=\"true\" name=\"everest_forms[form_fields][T3rUMsujhB-19][]\" value=\"Citas konstrukcijas\"  ><label class=\"everest-forms-field-label-inline\" for=\"evf-6942-field_T3rUMsujhB-19_12\">Citas konstrukcijas<\/label><\/li><\/ul><\/div><\/div><\/div><div class=\"evf-frontend-row\" data-row=\"row_3\" conditional_rules=\"[]\"><div class=\"evf-frontend-grid evf-grid-1\" data-grid=\"grid_1\"><div id=\"evf-6942-field_ttvUq8JwLk-20-container\" class=\"evf-field evf-field-text form-row\" data-field-id=\"ttvUq8JwLk-20\"><label class=\"evf-field-label\" for=\"evf-6942-field_ttvUq8JwLk-20\"><span class=\"evf-label\">Papildus materi\u0101li: ieb\u016bv\u0113jam\u0101s \/pieliekam\u0101s karn\u012bzes u.c. veida konstrukcijas, kas j\u0101ieb\u016bv\u0113 nostiepjamos griestos: ventil\u0101cija \/rekuper\u0101cija - izvadi un difuzori, standarta vai ieb\u016bv\u0113jamie<\/span> <\/label><input type=\"text\" id=\"evf-6942-field_ttvUq8JwLk-20\" class=\"input-text\" name=\"everest_forms[form_fields][ttvUq8JwLk-20]\" ><\/div><\/div><\/div><\/div><div class=\"evf-honeypot-container evf-field-hp\"><label for=\"evf-6942-field-hp\" class=\"evf-field-label\">Comment<\/label><input type=\"text\" name=\"everest_forms[hp]\" id=\"evf-6942-field-hp\" class=\"input-text\"><\/div><div class=\"evf-submit-container \" ><input type=\"hidden\" name=\"everest_forms[id]\" value=\"6942\"><input type=\"hidden\" name=\"everest_forms[author]\" value=\"2\"><button type='submit' name='everest_forms[submit]' class='everest-forms-submit-button button evf-submit everest-submit' id='evf-submit-6942' value='evf-submit' data-process-text=\"S\u016bta...\" conditional_rules='&quot;&quot;' conditional_id='evf-submit-6942'  id=\"evf-submit-6942\" aria-live=\"assertive\">S\u016bt\u012bt<\/button><\/div><\/form><\/div><!-- .evf-container --><\/div> <\/div>\n\t\t\t\t\t\t<\/div>\n\t\t\t\t\t<\/div>\r\n\t\t\t\t<\/div>\r\n\t\t\t\t<\/div>\n\t\t","protected":false},"excerpt":{"rendered":"","protected":false},"author":2,"featured_media":0,"parent":0,"menu_order":0,"comment_status":"closed","ping_status":"closed","template":"","meta":{"footnotes":""},"class_list":["post-157","page","type-page","status-publish","hentry"],"_links":{"self":[{"href":"https:\/\/denmaks.lv\/ru\/wp-json\/wp\/v2\/pages\/157","targetHints":{"allow":["GET"]}}],"collection":[{"href":"https:\/\/denmaks.lv\/ru\/wp-json\/wp\/v2\/pages"}],"about":[{"href":"https:\/\/denmaks.lv\/ru\/wp-json\/wp\/v2\/types\/page"}],"author":[{"embeddable":true,"href":"https:\/\/denmaks.lv\/ru\/wp-json\/wp\/v2\/users\/2"}],"replies":[{"embeddable":true,"href":"https:\/\/denmaks.lv\/ru\/wp-json\/wp\/v2\/comments?post=157"}],"version-history":[{"count":3,"href":"https:\/\/denmaks.lv\/ru\/wp-json\/wp\/v2\/pages\/157\/revisions"}],"predecessor-version":[{"id":6945,"href":"https:\/\/denmaks.lv\/ru\/wp-json\/wp\/v2\/pages\/157\/revisions\/6945"}],"wp:attachment":[{"href":"https:\/\/denmaks.lv\/ru\/wp-json\/wp\/v2\/media?parent=157"}],"curies":[{"name":"wp","href":"https:\/\/api.w.org\/{rel}","templated":true}]}}