{"id":9012,"date":"2025-03-04T14:15:34","date_gmt":"2025-03-04T14:15:34","guid":{"rendered":"https:\/\/denmaks.lv\/?page_id=9012"},"modified":"2025-04-29T08:38:22","modified_gmt":"2025-04-29T08:38:22","slug":"projekti","status":"publish","type":"page","link":"https:\/\/denmaks.lv\/en\/projekti\/","title":{"rendered":"Projects"},"content":{"rendered":"<div data-elementor-type=\"wp-page\" data-elementor-id=\"9012\" class=\"elementor elementor-9012\" data-elementor-post-type=\"page\">\n\t\t\t\t<div class=\"elementor-element elementor-element-29dddb5 e-flex e-con-boxed e-con e-parent\" data-id=\"29dddb5\" data-element_type=\"container\" data-e-type=\"container\" data-settings=\"{&quot;background_background&quot;:&quot;classic&quot;}\">\t\t\t<div class=\"e-con-inner\">\r\n\t\t\t\t<div class=\"elementor-element elementor-element-661f71e elementor-widget elementor-widget-pxl_text_editor\" data-id=\"661f71e\" data-element_type=\"widget\" data-e-type=\"widget\" data-widget_type=\"pxl_text_editor.default\">\n\t\t\t\t<div class=\"elementor-widget-container\">\n\t\t\t\t\t<div id=\"pxl_text_editor-661f71e-2453\" class=\"pxl-image-wg\" duration=\"1\">\n\t<div class=\"pxl-text-editor\">\n\t\t<div class=\"pxl-item--inner\" data-wow-delay=\"ms\">\n\t\t\t<h1 style=\"color: white\"><strong>Our projects<\/strong><\/h1>\t\t\n\t\t<\/div>\n\t<\/div>\n<\/div>\t\t\t\t<\/div>\n\t\t\t\t<\/div>\n\t\t\t\t\t<\/div>\r\n\t\t\t\t<\/div>\r\n\t\t<div class=\"elementor-element elementor-element-4059c72 e-flex e-con-boxed e-con e-parent\" data-id=\"4059c72\" data-element_type=\"container\" data-e-type=\"container\" data-settings=\"{&quot;background_background&quot;:&quot;classic&quot;}\">\t\t\t<div class=\"e-con-inner\">\r\n\t\t<div class=\"elementor-element elementor-element-f5d234d e-con-full e-flex e-con e-child\" data-id=\"f5d234d\" data-element_type=\"container\" data-e-type=\"container\"><div class=\"elementor-element elementor-element-2a2a46a e-con-full e-flex e-con e-child\" data-id=\"2a2a46a\" data-element_type=\"container\" data-e-type=\"container\"><div class=\"elementor-element elementor-element-79ee16c e-con-full e-flex e-con e-child\" data-id=\"79ee16c\" data-element_type=\"container\" data-e-type=\"container\"><div class=\"elementor-element elementor-element-415e7c2 e-con-full e-flex e-con e-child\" data-id=\"415e7c2\" data-element_type=\"container\" data-e-type=\"container\">\t\t<div class=\"elementor-element elementor-element-f451659 elementor-widget-laptop__width-initial elementor-widget elementor-widget-image\" data-id=\"f451659\" data-element_type=\"widget\" data-e-type=\"widget\" data-widget_type=\"image.default\">\n\t\t\t\t\t\t\t\t\t\t\t\t\t\t\t\t<a href=\"https:\/\/denmaks.lv\/en\/projekti-auduma-griesti\/\">\n\t\t\t\t\t\t\t<img decoding=\"async\" src=\"https:\/\/denmaks.lv\/wp-content\/uploads\/elementor\/thumbs\/image001-1-r25xmk5m2jfler8oihtoosqhzvli1lwm859y94gq0o.png\" title=\"image001\" alt=\"image001\" loading=\"lazy\" \/>\t\t\t\t\t\t\t\t<\/a>\n\t\t\t\t\t\t\t\t\t\t\t\t\t\t\t<\/div>\n\t\t\t\t<div class=\"elementor-element elementor-element-2aad182 link-headings elementor-widget-mobile__width-inherit elementor-widget elementor-widget-pxl_heading\" data-id=\"2aad182\" data-element_type=\"widget\" data-e-type=\"widget\" data-widget_type=\"pxl_heading.default\">\n\t\t\t\t<div class=\"elementor-widget-container\">\n\t\t\t\t\t<div id=\"pxl-pxl_heading-2aad182-2556\" class=\"pxl-heading px-sub-title-default-style\">\n\t<div class=\"pxl-heading--inner\">\n\t\t\n\t\t\n\t\t<h1 class=\"pxl-item--title\" data-wow-delay=\"ms\">\n\t\t\t\n<a class=\"blurry-text\" href=\"https:\/\/denmaks.lv\/en\/projekti-auduma-griesti\/\">Fabric ceilings<\/a>\n\t\t\n\t\t<\/h1>\n\n\t\t\n\t\t\n\t\t\t\t\n\t<\/div>\n<\/div>\t\t\t\t<\/div>\n\t\t\t\t<\/div>\n\t\t\t\t<\/div>\r\n\t\t<div class=\"elementor-element elementor-element-e1f138a e-con-full e-flex e-con e-child\" data-id=\"e1f138a\" data-element_type=\"container\" data-e-type=\"container\">\t\t<div class=\"elementor-element elementor-element-347dee4 elementor-widget elementor-widget-image\" data-id=\"347dee4\" data-element_type=\"widget\" data-e-type=\"widget\" data-widget_type=\"image.default\">\n\t\t\t\t\t\t\t\t\t\t\t\t\t\t\t\t<a href=\"https:\/\/denmaks.lv\/en\/projekti-auduma-sienas\/\">\n\t\t\t\t\t\t\t<img decoding=\"async\" src=\"https:\/\/denmaks.lv\/wp-content\/uploads\/elementor\/thumbs\/photo_2025-03-10_23-49-14-r2pgpe6fku21k3uc0qq3l73vmvpuxz5uh55o4xu6yg.jpg\" title=\"photo_2025-03-10_23-49-14\" alt=\"photo_2025-03-10_23-49-14\" loading=\"lazy\" \/>\t\t\t\t\t\t\t\t<\/a>\n\t\t\t\t\t\t\t\t\t\t\t\t\t\t\t<\/div>\n\t\t\t\t<div class=\"elementor-element elementor-element-8ee8b8d link-headings elementor-widget-mobile__width-inherit elementor-widget elementor-widget-pxl_heading\" data-id=\"8ee8b8d\" data-element_type=\"widget\" data-e-type=\"widget\" data-widget_type=\"pxl_heading.default\">\n\t\t\t\t<div class=\"elementor-widget-container\">\n\t\t\t\t\t<div id=\"pxl-pxl_heading-8ee8b8d-7659\" class=\"pxl-heading px-sub-title-default-style\">\n\t<div class=\"pxl-heading--inner\">\n\t\t\n\t\t\n\t\t<h1 class=\"pxl-item--title\" data-wow-delay=\"ms\">\n\t\t\t<a class=\"blurry-text\" href=\"https:\/\/denmaks.lv\/en\/projekti-auduma-sienas\/\">Fabric walls<\/a>\n\t\t\n\t\t<\/h1>\n\n\t\t\n\t\t\n\t\t\t\t\n\t<\/div>\n<\/div>\t\t\t\t<\/div>\n\t\t\t\t<\/div>\n\t\t\t\t<\/div>\r\n\t\t<div class=\"elementor-element elementor-element-1bdf0b9 e-con-full e-flex e-con e-child\" data-id=\"1bdf0b9\" data-element_type=\"container\" data-e-type=\"container\">\t\t<div class=\"elementor-element elementor-element-93435f7 elementor-widget elementor-widget-image\" data-id=\"93435f7\" data-element_type=\"widget\" data-e-type=\"widget\" data-widget_type=\"image.default\">\n\t\t\t\t\t\t\t\t\t\t\t\t\t\t\t\t<a href=\"https:\/\/denmaks.lv\/en\/projekti-pvc-griesti\/\">\n\t\t\t\t\t\t\t<img decoding=\"async\" src=\"https:\/\/denmaks.lv\/wp-content\/uploads\/elementor\/thumbs\/inovativie_auduma_pvc_stieptie_griesti_profili_projektesana_uzstadisana-r1q83r6y2jriwxjgmsfnwrs1bjjx7nv2tf47soo0c8.png\" title=\"innovative_audio_pvc_stretched_ceiling_profiles_design_installation\" alt=\"inovativie_auduma_pvc_stieptie_griesti_profili_projektesana_uzstadisana\" loading=\"lazy\" \/>\t\t\t\t\t\t\t\t<\/a>\n\t\t\t\t\t\t\t\t\t\t\t\t\t\t\t<\/div>\n\t\t\t\t<div class=\"elementor-element elementor-element-8b28e12 link-headings elementor-widget-mobile__width-inherit elementor-widget elementor-widget-pxl_heading\" data-id=\"8b28e12\" data-element_type=\"widget\" data-e-type=\"widget\" data-widget_type=\"pxl_heading.default\">\n\t\t\t\t<div class=\"elementor-widget-container\">\n\t\t\t\t\t<div id=\"pxl-pxl_heading-8b28e12-2701\" class=\"pxl-heading px-sub-title-default-style\">\n\t<div class=\"pxl-heading--inner\">\n\t\t\n\t\t\n\t\t<h1 class=\"pxl-item--title\" data-wow-delay=\"ms\">\n\t\t\t<div class=\"blurry-text\"><a class=\"blurry-text\" href=\"https:\/\/denmaks.lv\/en\/projekti-pvc-griesti\/\">PVC ceilings<\/a><\/div>\n\t\t\n\t\t<\/h1>\n\n\t\t\n\t\t\n\t\t\t\t\n\t<\/div>\n<\/div>\t\t\t\t<\/div>\n\t\t\t\t<\/div>\n\t\t\t\t<\/div>\r\n\t\t\t\t<\/div>\r\n\t\t<div class=\"elementor-element elementor-element-09b4251 e-con-full e-flex e-con e-child\" data-id=\"09b4251\" data-element_type=\"container\" data-e-type=\"container\"><div class=\"elementor-element elementor-element-5c703b9 e-con-full e-flex e-con e-child\" data-id=\"5c703b9\" data-element_type=\"container\" data-e-type=\"container\">\t\t<div class=\"elementor-element elementor-element-8664c7a elementor-widget-laptop__width-initial elementor-widget elementor-widget-image\" data-id=\"8664c7a\" data-element_type=\"widget\" data-e-type=\"widget\" data-widget_type=\"image.default\">\n\t\t\t\t\t\t\t\t\t\t\t\t\t\t\t\t<a href=\"https:\/\/denmaks.lv\/en\/projekti-iebuvejamie-gaismekli\/\">\n\t\t\t\t\t\t\t<img decoding=\"async\" src=\"https:\/\/denmaks.lv\/wp-content\/uploads\/elementor\/thumbs\/iebuvejamie-1-r36irsmq3y1xqb275ute682cd22ut71kto6ftmgg54.jpg\" title=\"available at\" alt=\"iebuvejamie\" loading=\"lazy\" \/>\t\t\t\t\t\t\t\t<\/a>\n\t\t\t\t\t\t\t\t\t\t\t\t\t\t\t<\/div>\n\t\t\t\t<div class=\"elementor-element elementor-element-7032275 link-headings elementor-widget-mobile__width-inherit elementor-widget elementor-widget-pxl_heading\" data-id=\"7032275\" data-element_type=\"widget\" data-e-type=\"widget\" data-widget_type=\"pxl_heading.default\">\n\t\t\t\t<div class=\"elementor-widget-container\">\n\t\t\t\t\t<div id=\"pxl-pxl_heading-7032275-3286\" class=\"pxl-heading px-sub-title-default-style\">\n\t<div class=\"pxl-heading--inner\">\n\t\t\n\t\t\n\t\t<h1 class=\"pxl-item--title\" data-wow-delay=\"ms\">\n\t\t\t\n<a class=\"blurry-text\" href=\"https:\/\/denmaks.lv\/en\/projekti-iebuvejamie-gaismekli\/\">Recessed luminaires<\/a>\n\t\t\n\t\t<\/h1>\n\n\t\t\n\t\t\n\t\t\t\t\n\t<\/div>\n<\/div>\t\t\t\t<\/div>\n\t\t\t\t<\/div>\n\t\t\t\t<\/div>\r\n\t\t<div class=\"elementor-element elementor-element-21416ba e-con-full e-flex e-con e-child\" data-id=\"21416ba\" data-element_type=\"container\" data-e-type=\"container\">\t\t<div class=\"elementor-element elementor-element-ab485df elementor-widget elementor-widget-image\" data-id=\"ab485df\" data-element_type=\"widget\" data-e-type=\"widget\" data-widget_type=\"image.default\">\n\t\t\t\t\t\t\t\t\t\t\t\t\t\t\t\t<a href=\"https:\/\/denmaks.lv\/en\/projekti-gaismas-nisas\/\">\n\t\t\t\t\t\t\t<img decoding=\"async\" src=\"https:\/\/denmaks.lv\/wp-content\/uploads\/elementor\/thumbs\/gaismas_nisas-r2zovg5hxzuwsdl6ndp3s2ze86634juaemgjofx3nc.png\" title=\"light_nisas\" alt=\"gaismas_nisas\" loading=\"lazy\" \/>\t\t\t\t\t\t\t\t<\/a>\n\t\t\t\t\t\t\t\t\t\t\t\t\t\t\t<\/div>\n\t\t\t\t<div class=\"elementor-element elementor-element-83daac1 link-headings elementor-widget-mobile__width-inherit elementor-widget elementor-widget-pxl_heading\" data-id=\"83daac1\" data-element_type=\"widget\" data-e-type=\"widget\" data-widget_type=\"pxl_heading.default\">\n\t\t\t\t<div class=\"elementor-widget-container\">\n\t\t\t\t\t<div id=\"pxl-pxl_heading-83daac1-8034\" class=\"pxl-heading px-sub-title-default-style\">\n\t<div class=\"pxl-heading--inner\">\n\t\t\n\t\t\n\t\t<h1 class=\"pxl-item--title\" data-wow-delay=\"ms\">\n\t\t\t<a class=\"blurry-text\" href=\"https:\/\/denmaks.lv\/en\/projekti-gaismas-nisas\/\">Light niches<\/a>\n\t\t\n\t\t<\/h1>\n\n\t\t\n\t\t\n\t\t\t\t\n\t<\/div>\n<\/div>\t\t\t\t<\/div>\n\t\t\t\t<\/div>\n\t\t\t\t<\/div>\r\n\t\t<div class=\"elementor-element elementor-element-8807f54 e-con-full e-flex e-con e-child\" data-id=\"8807f54\" data-element_type=\"container\" data-e-type=\"container\">\t\t<div class=\"elementor-element elementor-element-00ee4a1 elementor-widget elementor-widget-image\" data-id=\"00ee4a1\" data-element_type=\"widget\" data-e-type=\"widget\" data-widget_type=\"image.default\">\n\t\t\t\t\t\t\t\t\t\t\t\t\t\t\t\t<a href=\"https:\/\/denmaks.lv\/en\/projekti-gaismas-linijas\/\">\n\t\t\t\t\t\t\t<img decoding=\"async\" src=\"https:\/\/denmaks.lv\/wp-content\/uploads\/elementor\/thumbs\/linijas-r2ztlg8o0akulgneyd508ollzy8y9tqm422zd1usag.png\" title=\"lines\" alt=\"linijas\" loading=\"lazy\" \/>\t\t\t\t\t\t\t\t<\/a>\n\t\t\t\t\t\t\t\t\t\t\t\t\t\t\t<\/div>\n\t\t\t\t<div class=\"elementor-element elementor-element-ea96bcc link-headings elementor-widget-mobile__width-inherit elementor-widget elementor-widget-pxl_heading\" data-id=\"ea96bcc\" data-element_type=\"widget\" data-e-type=\"widget\" data-widget_type=\"pxl_heading.default\">\n\t\t\t\t<div class=\"elementor-widget-container\">\n\t\t\t\t\t<div id=\"pxl-pxl_heading-ea96bcc-8361\" class=\"pxl-heading px-sub-title-default-style\">\n\t<div class=\"pxl-heading--inner\">\n\t\t\n\t\t\n\t\t<h1 class=\"pxl-item--title\" data-wow-delay=\"ms\">\n\t\t\t<div class=\"blurry-text\"><a class=\"blurry-text\" href=\"https:\/\/denmaks.lv\/en\/projekti-gaismas-linijas\/\">Light lines<\/a><\/div>\n\t\t\n\t\t<\/h1>\n\n\t\t\n\t\t\n\t\t\t\t\n\t<\/div>\n<\/div>\t\t\t\t<\/div>\n\t\t\t\t<\/div>\n\t\t\t\t<\/div>\r\n\t\t\t\t<\/div>\r\n\t\t<div class=\"elementor-element elementor-element-cc27a3a e-con-full e-flex e-con e-child\" data-id=\"cc27a3a\" data-element_type=\"container\" data-e-type=\"container\"><div class=\"elementor-element elementor-element-ccadc7e e-con-full e-flex e-con e-child\" data-id=\"ccadc7e\" data-element_type=\"container\" data-e-type=\"container\">\t\t<div class=\"elementor-element elementor-element-13643a2 elementor-widget-laptop__width-initial elementor-widget elementor-widget-image\" data-id=\"13643a2\" data-element_type=\"widget\" data-e-type=\"widget\" data-widget_type=\"image.default\">\n\t\t\t\t\t\t\t\t\t\t\t\t\t\t\t\t<a href=\"https:\/\/denmaks.lv\/en\/projekti-light-box\/\">\n\t\t\t\t\t\t\t<img decoding=\"async\" src=\"https:\/\/denmaks.lv\/wp-content\/uploads\/elementor\/thumbs\/light_box-r2r57obvk5ykwdrldtehd0k6bh8rulsgymywge2th4.png\" title=\"light_box\" alt=\"light_box\" loading=\"lazy\" \/>\t\t\t\t\t\t\t\t<\/a>\n\t\t\t\t\t\t\t\t\t\t\t\t\t\t\t<\/div>\n\t\t\t\t<div class=\"elementor-element elementor-element-9723889 link-headings elementor-widget-mobile__width-inherit elementor-widget elementor-widget-pxl_heading\" data-id=\"9723889\" data-element_type=\"widget\" data-e-type=\"widget\" data-widget_type=\"pxl_heading.default\">\n\t\t\t\t<div class=\"elementor-widget-container\">\n\t\t\t\t\t<div id=\"pxl-pxl_heading-9723889-4334\" class=\"pxl-heading px-sub-title-default-style\">\n\t<div class=\"pxl-heading--inner\">\n\t\t\n\t\t\n\t\t<h1 class=\"pxl-item--title\" data-wow-delay=\"ms\">\n\t\t\t<a class=\"blurry-text\" href=\"https:\/\/denmaks.lv\/en\/projekti-light-box\/\">Light Box<\/a>\n\t\t\n\t\t<\/h1>\n\n\t\t\n\t\t\n\t\t\t\t\n\t<\/div>\n<\/div>\t\t\t\t<\/div>\n\t\t\t\t<\/div>\n\t\t\t\t<\/div>\r\n\t\t<div class=\"elementor-element elementor-element-0312e90 e-con-full e-flex e-con e-child\" data-id=\"0312e90\" data-element_type=\"container\" data-e-type=\"container\">\t\t<div class=\"elementor-element elementor-element-a261546 elementor-widget elementor-widget-image\" data-id=\"a261546\" data-element_type=\"widget\" data-e-type=\"widget\" data-widget_type=\"image.default\">\n\t\t\t\t\t\t\t\t\t\t\t\t\t\t\t\t<a href=\"https:\/\/denmaks.lv\/en\/projekti-apgaismes-profili\/\">\n\t\t\t\t\t\t\t<img decoding=\"async\" src=\"https:\/\/denmaks.lv\/wp-content\/uploads\/elementor\/thumbs\/apgaismes_profili-Copy-1-r30co580v2m0dz6t56x3tech5pmdlfv76vl0yboqm0.png\" title=\"lighting_profiles - Copy\" alt=\"apgaismes_profili - Copy\" loading=\"lazy\" \/>\t\t\t\t\t\t\t\t<\/a>\n\t\t\t\t\t\t\t\t\t\t\t\t\t\t\t<\/div>\n\t\t\t\t<div class=\"elementor-element elementor-element-58091df link-headings elementor-widget-mobile__width-inherit elementor-widget elementor-widget-pxl_heading\" data-id=\"58091df\" data-element_type=\"widget\" data-e-type=\"widget\" data-widget_type=\"pxl_heading.default\">\n\t\t\t\t<div class=\"elementor-widget-container\">\n\t\t\t\t\t<div id=\"pxl-pxl_heading-58091df-5740\" class=\"pxl-heading px-sub-title-default-style\">\n\t<div class=\"pxl-heading--inner\">\n\t\t\n\t\t\n\t\t<h1 class=\"pxl-item--title\" data-wow-delay=\"ms\">\n\t\t\t<a class=\"blurry-text\" href=\"https:\/\/denmaks.lv\/en\/projekti-apgaismes-profili\/\">Lighting profiles <\/a>\n\t\t\n\t\t<\/h1>\n\n\t\t\n\t\t\n\t\t\t\t\n\t<\/div>\n<\/div>\t\t\t\t<\/div>\n\t\t\t\t<\/div>\n\t\t\t\t<\/div>\r\n\t\t<div class=\"elementor-element elementor-element-07ce37f e-con-full e-flex e-con e-child\" data-id=\"07ce37f\" data-element_type=\"container\" data-e-type=\"container\">\t\t<div class=\"elementor-element elementor-element-0fcc0aa elementor-widget elementor-widget-image\" data-id=\"0fcc0aa\" data-element_type=\"widget\" data-e-type=\"widget\" data-widget_type=\"image.default\">\n\t\t\t\t\t\t\t\t\t\t\t\t\t\t\t\t<a href=\"https:\/\/denmaks.lv\/en\/projekti-aizkaru-karnizes\/\">\n\t\t\t\t\t\t\t<img decoding=\"async\" src=\"https:\/\/denmaks.lv\/wp-content\/uploads\/elementor\/thumbs\/aizkaru_karnizes-r2r5g9ks0npx03ae812qncitr8wj70w5t5lncfcam0.png\" title=\"curtain_curtains\" alt=\"aizkaru_karnizes\" loading=\"lazy\" \/>\t\t\t\t\t\t\t\t<\/a>\n\t\t\t\t\t\t\t\t\t\t\t\t\t\t\t<\/div>\n\t\t\t\t<div class=\"elementor-element elementor-element-3e00a26 link-headings elementor-widget-mobile__width-inherit elementor-widget elementor-widget-pxl_heading\" data-id=\"3e00a26\" data-element_type=\"widget\" data-e-type=\"widget\" data-widget_type=\"pxl_heading.default\">\n\t\t\t\t<div class=\"elementor-widget-container\">\n\t\t\t\t\t<div id=\"pxl-pxl_heading-3e00a26-3318\" class=\"pxl-heading px-sub-title-default-style\">\n\t<div class=\"pxl-heading--inner\">\n\t\t\n\t\t\n\t\t<h1 class=\"pxl-item--title\" data-wow-delay=\"ms\">\n\t\t\t<div class=\"blurry-text\"><a class=\"blurry-text\" href=\"https:\/\/denmaks.lv\/en\/projekti-aizkaru-karnizes\/\">Curtain cornices<\/a><\/div>\n\t\t\n\t\t<\/h1>\n\n\t\t\n\t\t\n\t\t\t\t\n\t<\/div>\n<\/div>\t\t\t\t<\/div>\n\t\t\t\t<\/div>\n\t\t\t\t<\/div>\r\n\t\t\t\t<\/div>\r\n\t\t\t\t<\/div>\r\n\t\t\t\t<\/div>\r\n\t\t\t\t\t<\/div>\r\n\t\t\t\t<\/div>\r\n\t\t\t\t<\/div>","protected":false},"excerpt":{"rendered":"<p>M\u016bsu projekti Auduma griesti \u0410uduma sienas PVC griesti Ieb\u016bv\u0113jamie gaismek\u013ci Gaismas ni\u0161as Gaismas l\u012bnijas Light Box Apgaismes profili Aizkaru karn\u012bzes<\/p>","protected":false},"author":2,"featured_media":0,"parent":0,"menu_order":0,"comment_status":"closed","ping_status":"closed","template":"","meta":{"footnotes":""},"class_list":["post-9012","page","type-page","status-publish","hentry"],"_links":{"self":[{"href":"https:\/\/denmaks.lv\/en\/wp-json\/wp\/v2\/pages\/9012","targetHints":{"allow":["GET"]}}],"collection":[{"href":"https:\/\/denmaks.lv\/en\/wp-json\/wp\/v2\/pages"}],"about":[{"href":"https:\/\/denmaks.lv\/en\/wp-json\/wp\/v2\/types\/page"}],"author":[{"embeddable":true,"href":"https:\/\/denmaks.lv\/en\/wp-json\/wp\/v2\/users\/2"}],"replies":[{"embeddable":true,"href":"https:\/\/denmaks.lv\/en\/wp-json\/wp\/v2\/comments?post=9012"}],"version-history":[{"count":195,"href":"https:\/\/denmaks.lv\/en\/wp-json\/wp\/v2\/pages\/9012\/revisions"}],"predecessor-version":[{"id":17718,"href":"https:\/\/denmaks.lv\/en\/wp-json\/wp\/v2\/pages\/9012\/revisions\/17718"}],"wp:attachment":[{"href":"https:\/\/denmaks.lv\/en\/wp-json\/wp\/v2\/media?parent=9012"}],"curies":[{"name":"wp","href":"https:\/\/api.w.org\/{rel}","templated":true}]}}