{"id":8982,"date":"2025-03-04T13:52:21","date_gmt":"2025-03-04T13:52:21","guid":{"rendered":"https:\/\/denmaks.lv\/?page_id=8982"},"modified":"2025-04-30T15:02:23","modified_gmt":"2025-04-30T15:02:23","slug":"jaunumi","status":"publish","type":"page","link":"https:\/\/denmaks.lv\/en\/jaunumi\/","title":{"rendered":"News"},"content":{"rendered":"\t\t<div data-elementor-type=\"wp-page\" data-elementor-id=\"8982\" class=\"elementor elementor-8982\" data-elementor-post-type=\"page\">\n\t\t\t\t<div class=\"elementor-element elementor-element-737686e e-flex e-con-boxed e-con e-parent \" data-id=\"737686e\" data-element_type=\"container\" data-e-type=\"container\" data-settings=\"{&quot;background_background&quot;:&quot;classic&quot;}\">\t\t\t<div class=\"e-con-inner\">\r\n\t\t\t\t<div class=\"elementor-element elementor-element-3132090 elementor-widget elementor-widget-pxl_text_editor\" data-id=\"3132090\" data-element_type=\"widget\" data-e-type=\"widget\" data-widget_type=\"pxl_text_editor.default\">\n\t\t\t\t<div class=\"elementor-widget-container\">\n\t\t\t\t\t<div id=\"pxl_text_editor-3132090-3201\" class=\"pxl-image-wg\" duration=\"1\">\n\t<div class=\"pxl-text-editor\">\n\t\t<div class=\"pxl-item--inner \" data-wow-delay=\"ms\">\n\t\t\t<h1><strong style=\"color: white\">Jaunumi<\/strong><\/h1>\t\t\n\t\t<\/div>\n\t<\/div>\n<\/div>\t\t\t\t<\/div>\n\t\t\t\t<\/div>\n\t\t\t\t\t<\/div>\r\n\t\t\t\t<\/div>\r\n\t\t<div class=\"elementor-element elementor-element-2f0c576 e-flex e-con-boxed e-con e-parent \" data-id=\"2f0c576\" data-element_type=\"container\" data-e-type=\"container\" data-settings=\"{&quot;background_background&quot;:&quot;classic&quot;}\">\t\t\t<div class=\"e-con-inner\">\r\n\t\t\t\t<div class=\"elementor-element elementor-element-6079723 elementor-widget elementor-widget-html\" data-id=\"6079723\" data-element_type=\"widget\" data-e-type=\"widget\" data-widget_type=\"html.default\">\n\t\t\t\t\t<script>\r\ndocument.addEventListener('DOMContentLoaded', function () {\r\n    const dateElement = document.querySelector('.elementor-post-date');\r\n    if (!dateElement) return;\r\n\r\n    const text = dateElement.textContent.trim().toLowerCase();\r\n\r\n    const monthMap = {\r\n        \/\/ Latvian\r\n        'janv\u0101ris': '01', 'febru\u0101ris': '02', 'marts': '03', 'apr\u012blis': '04',\r\n        'maijs': '05', 'j\u016bnijs': '06', 'j\u016blijs': '07', 'augusts': '08',\r\n        'septembris': '09', 'oktobris': '10', 'novembris': '11', 'decembris': '12',\r\n\r\n        \/\/ Russian\r\n        '\u044f\u043d\u0432\u0430\u0440\u044f': '01', '\u0444\u0435\u0432\u0440\u0430\u043b\u044f': '02', '\u043c\u0430\u0440\u0442\u0430': '03', '\u0430\u043f\u0440\u0435\u043b\u044f': '04',\r\n        '\u043c\u0430\u044f': '05', '\u0438\u044e\u043d\u044f': '06', '\u0438\u044e\u043b\u044f': '07', '\u0430\u0432\u0433\u0443\u0441\u0442\u0430': '08',\r\n        '\u0441\u0435\u043d\u0442\u044f\u0431\u0440\u044f': '09', '\u043e\u043a\u0442\u044f\u0431\u0440\u044f': '10', '\u043d\u043e\u044f\u0431\u0440\u044f': '11', '\u0434\u0435\u043a\u0430\u0431\u0440\u044f': '12',\r\n\r\n        \/\/ English\r\n        'january': '01', 'february': '02', 'march': '03', 'april': '04',\r\n        'may': '05', 'june': '06', 'july': '07', 'august': '08',\r\n        'september': '09', 'october': '10', 'november': '11', 'december': '12'\r\n    };\r\n\r\n    let day, month, year;\r\n\r\n    \/\/ English format: \"March 4, 2024\"\r\n    if (\/^[a-z]+ \\d{1,2}, \\d{4}$\/.test(text)) {\r\n        const [monthName, dayStr, yearStr] = text.replace(',', '').split(' ');\r\n        month = monthMap[monthName];\r\n        day = dayStr.padStart(2, '0');\r\n        year = yearStr;\r\n    }\r\n\r\n    \/\/ Russian format: \"4 \u043c\u0430\u0440\u0442\u0430 2024 \u0433\u043e\u0434\u0430\"\r\n    else if (\/^\\d{1,2} [\u0430-\u044f]+ \\d{4} \u0433\u043e\u0434\u0430$\/.test(text)) {\r\n        const [dayStr, monthName, yearStr] = text.replace('\u0433\u043e\u0434\u0430', '').trim().split(' ');\r\n        month = monthMap[monthName];\r\n        day = dayStr.padStart(2, '0');\r\n        year = yearStr;\r\n    }\r\n\r\n    \/\/ Latvian format: \"4 marts, 2024\"\r\n    else if (\/^\\d{1,2} [a-z\u0101\u0113\u016b\u012b]+, \\d{4}$\/.test(text)) {\r\n        const [dayStr, monthName, yearStr] = text.replace(',', '').split(' ');\r\n        month = monthMap[monthName];\r\n        day = dayStr.padStart(2, '0');\r\n        year = yearStr;\r\n    }\r\n\r\n    if (day && month && year) {\r\n        dateElement.textContent = `${day}\/${month}\/${year}`;\r\n    }\r\n});\r\n<\/script>\r\n\r\n\r\n\r\n<style>\r\n\r\n\r\n.elementor-post-date {\r\n    font-family: 'Manrope', sans-serif;\r\n    font-size: 19px;\r\n    color: #FFA500;\r\n}\r\n<\/style>\r\n\t\t\t\t<\/div>\n\t\t\t\t\t<\/div>\r\n\t\t\t\t<\/div>\r\n\t\t<div class=\"elementor-element elementor-element-9fd34dc e-flex e-con-boxed e-con e-parent \" data-id=\"9fd34dc\" data-element_type=\"container\" data-e-type=\"container\" data-settings=\"{&quot;background_background&quot;:&quot;classic&quot;}\">\t\t\t<div class=\"e-con-inner\">\r\n\t\t\t\t<div class=\"elementor-element elementor-element-960ae31 elementor-grid-1 elementor-widget__width-initial elementor-grid-tablet-2 elementor-grid-mobile-1 elementor-posts--thumbnail-top elementor-widget elementor-widget-posts\" data-id=\"960ae31\" data-element_type=\"widget\" data-e-type=\"widget\" data-settings=\"{&quot;classic_columns&quot;:&quot;1&quot;,&quot;pagination_type&quot;:&quot;numbers&quot;,&quot;classic_columns_tablet&quot;:&quot;2&quot;,&quot;classic_columns_mobile&quot;:&quot;1&quot;,&quot;classic_row_gap&quot;:{&quot;unit&quot;:&quot;px&quot;,&quot;size&quot;:35,&quot;sizes&quot;:[]},&quot;classic_row_gap_laptop&quot;:{&quot;unit&quot;:&quot;px&quot;,&quot;size&quot;:&quot;&quot;,&quot;sizes&quot;:[]},&quot;classic_row_gap_tablet_extra&quot;:{&quot;unit&quot;:&quot;px&quot;,&quot;size&quot;:&quot;&quot;,&quot;sizes&quot;:[]},&quot;classic_row_gap_tablet&quot;:{&quot;unit&quot;:&quot;px&quot;,&quot;size&quot;:&quot;&quot;,&quot;sizes&quot;:[]},&quot;classic_row_gap_mobile_extra&quot;:{&quot;unit&quot;:&quot;px&quot;,&quot;size&quot;:&quot;&quot;,&quot;sizes&quot;:[]},&quot;classic_row_gap_mobile&quot;:{&quot;unit&quot;:&quot;px&quot;,&quot;size&quot;:&quot;&quot;,&quot;sizes&quot;:[]}}\" data-widget_type=\"posts.classic\">\n\t\t\t\t<div class=\"elementor-widget-container\">\n\t\t\t\t\t\t\t<div class=\"elementor-posts-container elementor-posts elementor-posts--skin-classic elementor-grid\" role=\"list\">\n\t\t\t\t<article class=\"elementor-post elementor-grid-item post-17751 post type-post status-publish format-standard has-post-thumbnail hentry category-business\" role=\"listitem\">\n\t\t\t\t<a class=\"elementor-post__thumbnail__link\" href=\"https:\/\/denmaks.lv\/en\/realizets-projekts-majaslapas-digitalizacija-ar-es-atbalstu\/\" tabindex=\"-1\" >\n\t\t\t<div class=\"elementor-post__thumbnail\"><img fetchpriority=\"high\" decoding=\"async\" width=\"800\" height=\"800\" src=\"https:\/\/denmaks.lv\/wp-content\/uploads\/2025\/05\/Majaslapas-digitalizacija-ar-ES-atbalstu.png\" class=\"attachment-1536x1536 size-1536x1536 wp-image-17760\" alt=\"\" srcset=\"https:\/\/denmaks.lv\/wp-content\/uploads\/2025\/05\/Majaslapas-digitalizacija-ar-ES-atbalstu.png 800w, https:\/\/denmaks.lv\/wp-content\/uploads\/2025\/05\/Majaslapas-digitalizacija-ar-ES-atbalstu-300x300.png 300w, https:\/\/denmaks.lv\/wp-content\/uploads\/2025\/05\/Majaslapas-digitalizacija-ar-ES-atbalstu-150x150.png 150w, https:\/\/denmaks.lv\/wp-content\/uploads\/2025\/05\/Majaslapas-digitalizacija-ar-ES-atbalstu-768x768.png 768w, https:\/\/denmaks.lv\/wp-content\/uploads\/2025\/05\/Majaslapas-digitalizacija-ar-ES-atbalstu-120x120.png 120w, https:\/\/denmaks.lv\/wp-content\/uploads\/2025\/05\/Majaslapas-digitalizacija-ar-ES-atbalstu-12x12.png 12w, https:\/\/denmaks.lv\/wp-content\/uploads\/2025\/05\/Majaslapas-digitalizacija-ar-ES-atbalstu-750x750.png 750w, https:\/\/denmaks.lv\/wp-content\/uploads\/2025\/05\/Majaslapas-digitalizacija-ar-ES-atbalstu-600x600.png 600w\" sizes=\"(max-width: 800px) 100vw, 800px\" \/><\/div>\n\t\t<\/a>\n\t\t\t\t<div class=\"elementor-post__text\">\n\t\t\t\t<h3 class=\"elementor-post__title\">\n\t\t\t<a href=\"https:\/\/denmaks.lv\/en\/realizets-projekts-majaslapas-digitalizacija-ar-es-atbalstu\/\" >\n\t\t\t\tRealiz\u0113ts projekts: M\u0101jaslapas digitaliz\u0101cija ar ES atbalstu\t\t\t<\/a>\n\t\t<\/h3>\n\t\t\t\t<div class=\"elementor-post__meta-data\">\n\t\t\t\t\t<span class=\"elementor-post-date\">\n\t\t\tMay 19, 2025\t\t<\/span>\n\t\t\t\t<span class=\"elementor-post-avatar\">\n\t\t\tNo Comments\t\t<\/span>\n\t\t\t\t<\/div>\n\t\t\t\t<div class=\"elementor-post__excerpt\">\n\t\t\t<p>SIA \u201cDenMaks Design\u201d veiksm\u012bgi realiz\u0113jis projektu \u201cUz\u0146\u0113muma m\u0101jaslapas izstr\u0101de un ievie\u0161ana p\u0101rdo\u0161anas procesu digitaliz\u0101cijai\u201d, kura m\u0113r\u0137is bija uzlabot m\u016bsu p\u0101rdo\u0161anas procesus, izstr\u0101d\u0101jot m\u016bsdien\u012bgu, funkcion\u0101lu un<\/p>\n\t\t<\/div>\n\t\t\n\t\t<a class=\"elementor-post__read-more\" href=\"https:\/\/denmaks.lv\/en\/realizets-projekts-majaslapas-digitalizacija-ar-es-atbalstu\/\" aria-label=\"Read more about Realiz\u0113ts projekts: M\u0101jaslapas digitaliz\u0101cija ar ES atbalstu\" tabindex=\"-1\" >\n\t\t\tLas\u012bt vair\u0101k  \u00bb\t\t<\/a>\n\n\t\t\t\t<\/div>\n\t\t\t\t<\/article>\n\t\t\t\t<article class=\"elementor-post elementor-grid-item post-200 post type-post status-publish format-standard has-post-thumbnail hentry category-design\" role=\"listitem\">\n\t\t\t\t<a class=\"elementor-post__thumbnail__link\" href=\"https:\/\/denmaks.lv\/en\/nostiepjamie-audumu-griesti-news\/\" tabindex=\"-1\" >\n\t\t\t<div class=\"elementor-post__thumbnail\"><img decoding=\"async\" width=\"1536\" height=\"864\" src=\"https:\/\/denmaks.lv\/wp-content\/uploads\/2024\/03\/iestieptie_nostiepjamie_auduma_tekstila_griesti_descor_linearais_apgaismojums_4038-1536x864.jpg\" class=\"attachment-1536x1536 size-1536x1536 wp-image-9245\" alt=\"\" srcset=\"https:\/\/denmaks.lv\/wp-content\/uploads\/2024\/03\/iestieptie_nostiepjamie_auduma_tekstila_griesti_descor_linearais_apgaismojums_4038-1536x864.jpg 1536w, https:\/\/denmaks.lv\/wp-content\/uploads\/2024\/03\/iestieptie_nostiepjamie_auduma_tekstila_griesti_descor_linearais_apgaismojums_4038-300x169.jpg 300w, https:\/\/denmaks.lv\/wp-content\/uploads\/2024\/03\/iestieptie_nostiepjamie_auduma_tekstila_griesti_descor_linearais_apgaismojums_4038-1024x576.jpg 1024w, https:\/\/denmaks.lv\/wp-content\/uploads\/2024\/03\/iestieptie_nostiepjamie_auduma_tekstila_griesti_descor_linearais_apgaismojums_4038-768x432.jpg 768w, https:\/\/denmaks.lv\/wp-content\/uploads\/2024\/03\/iestieptie_nostiepjamie_auduma_tekstila_griesti_descor_linearais_apgaismojums_4038-2048x1152.jpg 2048w, https:\/\/denmaks.lv\/wp-content\/uploads\/2024\/03\/iestieptie_nostiepjamie_auduma_tekstila_griesti_descor_linearais_apgaismojums_4038-18x10.jpg 18w, https:\/\/denmaks.lv\/wp-content\/uploads\/2024\/03\/iestieptie_nostiepjamie_auduma_tekstila_griesti_descor_linearais_apgaismojums_4038-1200x675.jpg 1200w, https:\/\/denmaks.lv\/wp-content\/uploads\/2024\/03\/iestieptie_nostiepjamie_auduma_tekstila_griesti_descor_linearais_apgaismojums_4038-600x338.jpg 600w\" sizes=\"(max-width: 1536px) 100vw, 1536px\" \/><\/div>\n\t\t<\/a>\n\t\t\t\t<div class=\"elementor-post__text\">\n\t\t\t\t<h3 class=\"elementor-post__title\">\n\t\t\t<a href=\"https:\/\/denmaks.lv\/en\/nostiepjamie-audumu-griesti-news\/\" >\n\t\t\t\tNostiepjamie auduma griesti \u2013 moderns, est\u0113tisks un praktisks risin\u0101jums jebkurai telpai\t\t\t<\/a>\n\t\t<\/h3>\n\t\t\t\t<div class=\"elementor-post__meta-data\">\n\t\t\t\t\t<span class=\"elementor-post-date\">\n\t\t\tMarch 4, 2024\t\t<\/span>\n\t\t\t\t<span class=\"elementor-post-avatar\">\n\t\t\tNo Comments\t\t<\/span>\n\t\t\t\t<\/div>\n\t\t\t\t<div class=\"elementor-post__excerpt\">\n\t\t\t<p>Nostiepjamie auduma griesti k\u013c\u016bst arvien popul\u0101r\u0101ki m\u016bsdienu interjera dizain\u0101, pied\u0101v\u0101jot ne tikai elegantu apdari, bet ar\u012b pla\u0161as piel\u0101go\u0161anas iesp\u0113jas. \u0160is risin\u0101jums ir alternat\u012bva \u011fip\u0161kartona griestiem,<\/p>\n\t\t<\/div>\n\t\t\n\t\t<a class=\"elementor-post__read-more\" href=\"https:\/\/denmaks.lv\/en\/nostiepjamie-audumu-griesti-news\/\" aria-label=\"Read more about Nostiepjamie auduma griesti \u2013 moderns, est\u0113tisks un praktisks risin\u0101jums jebkurai telpai\" tabindex=\"-1\" >\n\t\t\tLas\u012bt vair\u0101k  \u00bb\t\t<\/a>\n\n\t\t\t\t<\/div>\n\t\t\t\t<\/article>\n\t\t\t\t<\/div>\n\t\t\n\t\t\t\t\t\t<\/div>\n\t\t\t\t<\/div>\n\t\t\t\t\t<\/div>\r\n\t\t\t\t<\/div>\r\n\t\t\t\t<\/div>\n\t\t","protected":false},"excerpt":{"rendered":"<p>News<\/p>","protected":false},"author":2,"featured_media":0,"parent":0,"menu_order":0,"comment_status":"closed","ping_status":"closed","template":"","meta":{"footnotes":""},"class_list":["post-8982","page","type-page","status-publish","hentry"],"_links":{"self":[{"href":"https:\/\/denmaks.lv\/en\/wp-json\/wp\/v2\/pages\/8982","targetHints":{"allow":["GET"]}}],"collection":[{"href":"https:\/\/denmaks.lv\/en\/wp-json\/wp\/v2\/pages"}],"about":[{"href":"https:\/\/denmaks.lv\/en\/wp-json\/wp\/v2\/types\/page"}],"author":[{"embeddable":true,"href":"https:\/\/denmaks.lv\/en\/wp-json\/wp\/v2\/users\/2"}],"replies":[{"embeddable":true,"href":"https:\/\/denmaks.lv\/en\/wp-json\/wp\/v2\/comments?post=8982"}],"version-history":[{"count":69,"href":"https:\/\/denmaks.lv\/en\/wp-json\/wp\/v2\/pages\/8982\/revisions"}],"predecessor-version":[{"id":17609,"href":"https:\/\/denmaks.lv\/en\/wp-json\/wp\/v2\/pages\/8982\/revisions\/17609"}],"wp:attachment":[{"href":"https:\/\/denmaks.lv\/en\/wp-json\/wp\/v2\/media?parent=8982"}],"curies":[{"name":"wp","href":"https:\/\/api.w.org\/{rel}","templated":true}]}}