{"id":13722,"date":"2025-04-02T12:17:40","date_gmt":"2025-04-02T12:17:40","guid":{"rendered":"https:\/\/denmaks.lv\/?page_id=13722"},"modified":"2025-04-16T16:42:53","modified_gmt":"2025-04-16T16:42:53","slug":"apgaismojums","status":"publish","type":"page","link":"https:\/\/denmaks.lv\/en\/apgaismojums\/","title":{"rendered":"Lighting"},"content":{"rendered":"\t\t<div data-elementor-type=\"wp-page\" data-elementor-id=\"13722\" class=\"elementor elementor-13722\" data-elementor-post-type=\"page\">\n\t\t\t\t<div class=\"elementor-element elementor-element-dbed6af e-flex e-con-boxed e-con e-parent \" data-id=\"dbed6af\" data-element_type=\"container\" data-e-type=\"container\" data-settings=\"{&quot;background_background&quot;:&quot;classic&quot;}\">\t\t\t<div class=\"e-con-inner\">\r\n\t\t\t\t<div class=\"elementor-element elementor-element-6cb5709 elementor-widget elementor-widget-pxl_text_editor\" data-id=\"6cb5709\" data-element_type=\"widget\" data-e-type=\"widget\" data-widget_type=\"pxl_text_editor.default\">\n\t\t\t\t<div class=\"elementor-widget-container\">\n\t\t\t\t\t<div id=\"pxl_text_editor-6cb5709-2282\" class=\"pxl-image-wg\" duration=\"1\">\n\t<div class=\"pxl-text-editor\">\n\t\t<div class=\"pxl-item--inner \" data-wow-delay=\"ms\">\n\t\t\t<p><strong style=\"color: #ffa500\">DenMaks Design <\/strong><strong><b style=\"color: white\">apgaismojums<\/b><\/strong><\/p>\t\t\n\t\t<\/div>\n\t<\/div>\n<\/div>\t\t\t\t<\/div>\n\t\t\t\t<\/div>\n\t\t\t\t\t<\/div>\r\n\t\t\t\t<\/div>\r\n\t\t        <section class=\"elementor-section elementor-top-section elementor-element elementor-element-6417f65 elementor-section-stretched elementor-section-boxed elementor-section-height-default elementor-section-height-default pxl-row-scroll-none pxl-bg-color-none pxl-section-overlay-none\" data-id=\"6417f65\" data-element_type=\"section\" data-e-type=\"section\" data-settings=\"{&quot;stretch_section&quot;:&quot;section-stretched&quot;,&quot;background_background&quot;:&quot;classic&quot;}\">\n\n                \n                <div class=\"elementor-container elementor-column-gap-extended \">\n                <div class=\"elementor-column elementor-col-100 elementor-top-column elementor-element elementor-element-a57ee9c pxl-column-none pxl-column-overflow-hidden-no\" data-id=\"a57ee9c\" data-element_type=\"column\" data-e-type=\"column\">\r\n        <div class=\"elementor-widget-wrap elementor-element-populated\">\r\n                     \r\n        \t\t<div class=\"elementor-element elementor-element-9cd1fcb elementor-widget elementor-widget-pxl_heading\" data-id=\"9cd1fcb\" data-element_type=\"widget\" data-e-type=\"widget\" data-widget_type=\"pxl_heading.default\">\n\t\t\t\t<div class=\"elementor-widget-container\">\n\t\t\t\t\t<div id=\"pxl-pxl_heading-9cd1fcb-2072\" class=\"pxl-heading px-sub-title-default-style\">\n\t<div class=\"pxl-heading--inner\">\n\t\t\n\t\t\n\t\t<h3 class=\"pxl-item--title \" data-wow-delay=\"ms\">\n\t\t\t\t\t\n\t\t<\/h3>\n\n\t\t\n\t\t\n\t\t\t\t\n\t<\/div>\n<\/div>\t\t\t\t<\/div>\n\t\t\t\t<\/div>\n\t\t\t\t<div class=\"elementor-element elementor-element-998e394 pxl-post-layout-service-1 elementor-widget elementor-widget-pxl_post_grid\" data-id=\"998e394\" data-element_type=\"widget\" data-e-type=\"widget\" data-widget_type=\"pxl_post_grid.default\">\n\t\t\t\t<div class=\"elementor-widget-container\">\n\t\t\t\t\t\n<div id=\"pxl_post_grid-998e394-5853\" class=\"pxl-grid pxl-service-grid pxl-service-layout1\" data-layout=\"masonry\" data-start-page=\"1\" data-max-pages=\"1\" data-total=\"3\" data-perpage=\"4\" data-next-link=\"\">\n    \n    <div class=\"pxl-grid-inner pxl-grid-masonry row\" data-gutter=\"15\">\n                    <div class=\"pxl-grid-item col-xl-12 col-lg-12 col-md-12 col-sm-12 col-12 \">\n                <div class=\"pxl-item--inner pxl-not-active wow fadeInUp\" data-wow-duration=\"1.2s\">\n                    <div class=\"pxl-item--image hover-imge-effect3\">\n                                                    <div class=\"bg-image\" style=\"--pg-background-image: url('https:\/\/denmaks.lv\/wp-content\/uploads\/2025\/03\/DK-EU-5072-DN91-e1743153825738.jpg');\">\n                                <a href=\"https:\/\/denmaks.lv\/en\/service\/linearais-apgaismojums\/\">\n                                    <img fetchpriority=\"high\" decoding=\"async\" class=\"no-lazyload \" src=\"https:\/\/denmaks.lv\/wp-content\/uploads\/2025\/03\/DK-EU-5072-DN91-e1743153825738-700x467.jpg\" width=\"700\" height=\"467\" alt=\"DK-EU-5072-DN;91\" title=\"DK-EU-5072-DN;91\" \/>                                <\/a>\n                            <\/div>\n                                            <\/div>\n                    <div class=\"pxl-item--holder\">\n                                                                            <div class=\"pxl-item--icon\">\n                                <img decoding=\"async\" width=\"385\" height=\"114\" src=\"https:\/\/denmaks.lv\/wp-content\/uploads\/2025\/03\/ico2-removebg-preview.png\" class=\"attachment-full\" alt=\"\" srcset=\"https:\/\/denmaks.lv\/wp-content\/uploads\/2025\/03\/ico2-removebg-preview.png 385w, https:\/\/denmaks.lv\/wp-content\/uploads\/2025\/03\/ico2-removebg-preview-300x89.png 300w, https:\/\/denmaks.lv\/wp-content\/uploads\/2025\/03\/ico2-removebg-preview-18x5.png 18w\" sizes=\"(max-width: 385px) 100vw, 385px\" \/>                            <\/div>\n                                                \n                        <h3 class=\"pxl-item--title\">\n                            <a href=\"https:\/\/denmaks.lv\/en\/service\/linearais-apgaismojums\/\">Line\u0101rais apgaismojums<\/a>\n                        <\/h3>\n                                                    <div class=\"pxl-item--content\">\n                                Line\u0101rais apgaismojums \u2013 m\u016bsdien\u012bgs risin\u0101jums elegantiem un funkcion\u0101liem interjeriem Line\u0101rais apgaismojums ir stil\u012bgs un daudzpus\u012bgs risin\u0101jums, kas nodro\u0161ina vienm\u0113r\u012bgu, efekt\u012bvu un est\u0113tisku gaismas sadal\u012bjumu telp\u0101                            <\/div>\n                                                                            <div class=\"pxl-item--readmore\">\n                                <a href=\"https:\/\/denmaks.lv\/en\/service\/linearais-apgaismojums\/\">\n                                    <span class=\"pxl-mr-15\">View more<\/span>\n                                    <i class=\"flaticon-right\"><\/i>\n                                <\/a>\n                            <\/div>\n                                            <\/div>\n                <\/div>\n            <\/div>\n                    <div class=\"pxl-grid-item col-xl-12 col-lg-12 col-md-12 col-sm-12 col-12 \">\n                <div class=\"pxl-item--inner pxl-not-active wow fadeInUp\" data-wow-duration=\"1.2s\">\n                    <div class=\"pxl-item--image hover-imge-effect3\">\n                                                    <div class=\"bg-image\" style=\"--pg-background-image: url('https:\/\/denmaks.lv\/wp-content\/uploads\/2025\/03\/Virsapbuves_gaismekli_2-scaled.jpg');\">\n                                <a href=\"https:\/\/denmaks.lv\/en\/service\/virsapmetuma-apgaismojums\/\">\n                                    <img decoding=\"async\" class=\"no-lazyload \" src=\"https:\/\/denmaks.lv\/wp-content\/uploads\/2025\/03\/Virsapbuves_gaismekli_2-scaled-700x467.jpg\" width=\"700\" height=\"467\" alt=\"Virsapbuves_gaismekli_2\" title=\"Virsapbuves_gaismekli_2\" \/>                                <\/a>\n                            <\/div>\n                                            <\/div>\n                    <div class=\"pxl-item--holder\">\n                                                                            <div class=\"pxl-item--icon\">\n                                <img loading=\"lazy\" decoding=\"async\" width=\"385\" height=\"120\" src=\"https:\/\/denmaks.lv\/wp-content\/uploads\/2025\/03\/ico3-removebg-preview.png\" class=\"attachment-full\" alt=\"\" srcset=\"https:\/\/denmaks.lv\/wp-content\/uploads\/2025\/03\/ico3-removebg-preview.png 385w, https:\/\/denmaks.lv\/wp-content\/uploads\/2025\/03\/ico3-removebg-preview-300x94.png 300w, https:\/\/denmaks.lv\/wp-content\/uploads\/2025\/03\/ico3-removebg-preview-18x6.png 18w\" sizes=\"(max-width: 385px) 100vw, 385px\" \/>                            <\/div>\n                                                \n                        <h3 class=\"pxl-item--title\">\n                            <a href=\"https:\/\/denmaks.lv\/en\/service\/virsapmetuma-apgaismojums\/\">Virsapmetuma apgaismojums<\/a>\n                        <\/h3>\n                                                    <div class=\"pxl-item--content\">\n                                Virsapmetuma apgaismojums \u2013 elegance un izsmalcin\u0101ts stils. Virsapmetuma apgaismojums ir klasisks un grezns risin\u0101jums, kas pie\u0161\u0137ir telpai ekskluz\u012bvu izskatu un unik\u0101lu atmosf\u0113ru                            <\/div>\n                                                                            <div class=\"pxl-item--readmore\">\n                                <a href=\"https:\/\/denmaks.lv\/en\/service\/virsapmetuma-apgaismojums\/\">\n                                    <span class=\"pxl-mr-15\">View more<\/span>\n                                    <i class=\"flaticon-right\"><\/i>\n                                <\/a>\n                            <\/div>\n                                            <\/div>\n                <\/div>\n            <\/div>\n                    <div class=\"pxl-grid-item col-xl-12 col-lg-12 col-md-12 col-sm-12 col-12 \">\n                <div class=\"pxl-item--inner pxl-not-active wow fadeInUp\" data-wow-duration=\"1.2s\">\n                    <div class=\"pxl-item--image hover-imge-effect3\">\n                                                    <div class=\"bg-image\" style=\"--pg-background-image: url('https:\/\/denmaks.lv\/wp-content\/uploads\/2025\/03\/iebuvejamie-1.jpg');\">\n                                <a href=\"https:\/\/denmaks.lv\/en\/service\/iebuvejamie-gaismekli\/\">\n                                    <img loading=\"lazy\" decoding=\"async\" class=\"no-lazyload \" src=\"https:\/\/denmaks.lv\/wp-content\/uploads\/2025\/03\/iebuvejamie-1-700x467.jpg\" width=\"700\" height=\"467\" alt=\"iebuvejamie\" title=\"iebuvejamie\" \/>                                <\/a>\n                            <\/div>\n                                            <\/div>\n                    <div class=\"pxl-item--holder\">\n                                                                            <div class=\"pxl-item--icon\">\n                                <img loading=\"lazy\" decoding=\"async\" width=\"379\" height=\"122\" src=\"https:\/\/denmaks.lv\/wp-content\/uploads\/2025\/03\/ico1-removebg-preview.png\" class=\"attachment-full\" alt=\"\" srcset=\"https:\/\/denmaks.lv\/wp-content\/uploads\/2025\/03\/ico1-removebg-preview.png 379w, https:\/\/denmaks.lv\/wp-content\/uploads\/2025\/03\/ico1-removebg-preview-300x97.png 300w, https:\/\/denmaks.lv\/wp-content\/uploads\/2025\/03\/ico1-removebg-preview-18x6.png 18w\" sizes=\"(max-width: 379px) 100vw, 379px\" \/>                            <\/div>\n                                                \n                        <h3 class=\"pxl-item--title\">\n                            <a href=\"https:\/\/denmaks.lv\/en\/service\/iebuvejamie-gaismekli\/\">Ieb\u016bv\u0113jamie gaismek\u013ci<\/a>\n                        <\/h3>\n                                                    <div class=\"pxl-item--content\">\n                                Ieb\u016bv\u0113jamie gaismek\u013ci \u2013 funkcionalit\u0101te un est\u0113tika vien\u0101 risin\u0101jum\u0101 Ieb\u016bv\u0113jamie gaismek\u013ci ir m\u016bsdien\u012bgs un praktisks apgaismojuma risin\u0101jums, kas apvieno minim\u0101listisku dizainu, energoefektivit\u0101ti un maksim\u0101lu funkcionalit\u0101ti                            <\/div>\n                                                                            <div class=\"pxl-item--readmore\">\n                                <a href=\"https:\/\/denmaks.lv\/en\/service\/iebuvejamie-gaismekli\/\">\n                                    <span class=\"pxl-mr-15\">View more<\/span>\n                                    <i class=\"flaticon-right\"><\/i>\n                                <\/a>\n                            <\/div>\n                                            <\/div>\n                <\/div>\n            <\/div>\n                <div class=\"grid-sizer col-xl-12 col-lg-12 col-md-12 col-sm-12 col-12\"><\/div>\n    <\/div>\n            <div class=\"pxl-grid-pagination\" data-loadmore=\"{&quot;post_type&quot;:&quot;service&quot;,&quot;layout&quot;:&quot;service-1&quot;,&quot;startPage&quot;:1,&quot;maxPages&quot;:1,&quot;total&quot;:3,&quot;perpage&quot;:4,&quot;nextLink&quot;:&quot;&quot;,&quot;source&quot;:[],&quot;orderby&quot;:&quot;date&quot;,&quot;order&quot;:&quot;asc&quot;,&quot;limit&quot;:4,&quot;post_ids&quot;:[&quot;13597&quot;,&quot;13694&quot;,&quot;13741&quot;],&quot;col_xl&quot;:12,&quot;col_lg&quot;:12,&quot;col_md&quot;:12,&quot;col_sm&quot;:12,&quot;col_xs&quot;:12,&quot;pagination_type&quot;:&quot;pagination&quot;,&quot;show_excerpt&quot;:&quot;true&quot;,&quot;show_button&quot;:&quot;true&quot;,&quot;button_text&quot;:&quot;&quot;,&quot;num_words&quot;:25,&quot;img_size&quot;:&quot;&quot;,&quot;grid_masonry&quot;:&quot;&quot;,&quot;pxl_animate&quot;:&quot;wow fadeInUp&quot;,&quot;html_id&quot;:&quot;pxl_post_grid-998e394-5853&quot;,&quot;tax&quot;:[]}\" data-query=\"{&quot;post_type&quot;:&quot;service&quot;,&quot;post_status&quot;:&quot;publish&quot;,&quot;posts_per_page&quot;:4,&quot;order&quot;:&quot;asc&quot;,&quot;orderby&quot;:&quot;date&quot;,&quot;post__in&quot;:[13597,13694,13741]}\">\n                    <\/div>\n        <\/div>\t\t\t\t<\/div>\n\t\t\t\t<\/div>\n\t\t            <\/div>\r\n        <\/div>\r\n        \t\t\t<\/div>\n\t\t<\/section>\n\t\t\t\t<\/div>\n\t\t","protected":false},"excerpt":{"rendered":"<p>DenMaks Design apgaismojums Line\u0101rais apgaismojums Line\u0101rais apgaismojums \u2013 m\u016bsdien\u012bgs risin\u0101jums elegantiem un funkcion\u0101liem interjeriem Line\u0101rais apgaismojums ir stil\u012bgs un daudzpus\u012bgs risin\u0101jums, kas nodro\u0161ina vienm\u0113r\u012bgu, efekt\u012bvu un est\u0113tisku gaismas sadal\u012bjumu telp\u0101 View more Virsapmetuma apgaismojums Virsapmetuma apgaismojums \u2013 elegance un izsmalcin\u0101ts stils. Virsapmetuma apgaismojums ir klasisks un grezns risin\u0101jums, kas pie\u0161\u0137ir telpai ekskluz\u012bvu izskatu un unik\u0101lu [&hellip;]<\/p>\n","protected":false},"author":2,"featured_media":0,"parent":0,"menu_order":0,"comment_status":"closed","ping_status":"closed","template":"","meta":{"footnotes":""},"class_list":["post-13722","page","type-page","status-publish","hentry"],"_links":{"self":[{"href":"https:\/\/denmaks.lv\/en\/wp-json\/wp\/v2\/pages\/13722","targetHints":{"allow":["GET"]}}],"collection":[{"href":"https:\/\/denmaks.lv\/en\/wp-json\/wp\/v2\/pages"}],"about":[{"href":"https:\/\/denmaks.lv\/en\/wp-json\/wp\/v2\/types\/page"}],"author":[{"embeddable":true,"href":"https:\/\/denmaks.lv\/en\/wp-json\/wp\/v2\/users\/2"}],"replies":[{"embeddable":true,"href":"https:\/\/denmaks.lv\/en\/wp-json\/wp\/v2\/comments?post=13722"}],"version-history":[{"count":53,"href":"https:\/\/denmaks.lv\/en\/wp-json\/wp\/v2\/pages\/13722\/revisions"}],"predecessor-version":[{"id":16757,"href":"https:\/\/denmaks.lv\/en\/wp-json\/wp\/v2\/pages\/13722\/revisions\/16757"}],"wp:attachment":[{"href":"https:\/\/denmaks.lv\/en\/wp-json\/wp\/v2\/media?parent=13722"}],"curies":[{"name":"wp","href":"https:\/\/api.w.org\/{rel}","templated":true}]}}